{"id":9962,"date":"2025-08-27T13:59:19","date_gmt":"2025-08-27T11:59:19","guid":{"rendered":"https:\/\/www.cebio-med.com\/?page_id=9962"},"modified":"2025-10-10T20:10:47","modified_gmt":"2025-10-10T18:10:47","slug":"studien","status":"publish","type":"page","link":"https:\/\/cebio-med.de\/en\/studien\/","title":{"rendered":"Studies"},"content":{"rendered":"<div data-elementor-type=\"wp-page\" data-elementor-id=\"9962\" class=\"elementor elementor-9962\" data-elementor-post-type=\"page\">\n\t\t\t\t<div class=\"elementor-element elementor-element-4d18f4c9 e-flex e-con-boxed e-con e-parent\" data-id=\"4d18f4c9\" data-element_type=\"container\" data-e-type=\"container\" data-settings=\"{&quot;_ha_eqh_enable&quot;:false}\">\n\t\t\t\t\t<div class=\"e-con-inner\">\n\t\t\t\t<div class=\"elementor-element elementor-element-d357182 elementor-widget elementor-widget-heading\" data-id=\"d357182\" data-element_type=\"widget\" data-e-type=\"widget\" data-widget_type=\"heading.default\">\n\t\t\t\t<div class=\"elementor-widget-container\">\n\t\t\t\t\t<h1 class=\"elementor-heading-title elementor-size-default\">Current Studies<\/h1>\t\t\t\t<\/div>\n\t\t\t\t<\/div>\n\t\t\t\t<div class=\"elementor-element elementor-element-e4d8511 elementor-widget elementor-widget-text-editor\" data-id=\"e4d8511\" data-element_type=\"widget\" data-e-type=\"widget\" data-widget_type=\"text-editor.default\">\n\t\t\t\t<div class=\"elementor-widget-container\">\n\t\t\t\t\t\t\t\t\t<p class=\"translation-block\">CEBIO contributes to clinically and methodologically relevant studies in liquid biopsy, molecular diagnostics, and reference materials.\nHere you\u2019ll find a selection of ongoing projects we are involved in \u2013 from clinical centers and inter-lab comparisons to method validation studies.<\/p>\t\t\t\t\t\t\t\t<\/div>\n\t\t\t\t<\/div>\n\t\t\t\t<div class=\"elementor-element elementor-element-fc4ed85 elementor-widget elementor-widget-text-editor\" data-id=\"fc4ed85\" data-element_type=\"widget\" data-e-type=\"widget\" data-widget_type=\"text-editor.default\">\n\t\t\t\t<div class=\"elementor-widget-container\">\n\t\t\t\t\t\t\t\t\t<p><strong>External Quality Assurance in Liquid Biopsy<\/strong><\/p>\n<p class=\"translation-block\">Validating molecular methods under real-world conditions is essential for clinical reliability.\nCEBIO actively contributes to inter-lab comparison programs for liquid biopsy \u2013 in collaboration with our partners QuoData and new_diagnostics. The aim is to assess and improve laboratories\u2019 analytical performance in cfDNA-based diagnostics using standardized, real-life conditions.<\/p>\n<p>Using biologically relevant reference materials and statistically sound evaluation procedures, the program supports quality assurance and method harmonization in molecular diagnostics.<\/p>\t\t\t\t\t\t\t\t<\/div>\n\t\t\t\t<\/div>\n\t\t\t\t<div class=\"elementor-element elementor-element-2babe53 elementor-widget elementor-widget-button\" data-id=\"2babe53\" data-element_type=\"widget\" data-e-type=\"widget\" data-widget_type=\"button.default\">\n\t\t\t\t<div class=\"elementor-widget-container\">\n\t\t\t\t\t\t\t\t\t<div class=\"elementor-button-wrapper\">\n\t\t\t\t\t<a class=\"elementor-button elementor-button-link elementor-size-sm\" href=\"https:\/\/info.quodata.de\/eqa-for-molecular-pathology-and-liquid-biopsies\" target=\"_blank\">\n\t\t\t\t\t\t<span class=\"elementor-button-content-wrapper\">\n\t\t\t\t\t\t<span class=\"elementor-button-icon\">\n\t\t\t\t<i aria-hidden=\"true\" class=\"hm hm-arrow-right\"><\/i>\t\t\t<\/span>\n\t\t\t\t\t\t\t\t\t<span class=\"elementor-button-text\">Visit the EQA program at QuoData<\/span>\n\t\t\t\t\t<\/span>\n\t\t\t\t\t<\/a>\n\t\t\t\t<\/div>\n\t\t\t\t\t\t\t\t<\/div>\n\t\t\t\t<\/div>\n\t\t\t\t<div class=\"elementor-element elementor-element-a081caa elementor-widget elementor-widget-text-editor\" data-id=\"a081caa\" data-element_type=\"widget\" data-e-type=\"widget\" data-widget_type=\"text-editor.default\">\n\t\t\t\t<div class=\"elementor-widget-container\">\n\t\t\t\t\t\t\t\t\t<p class=\"translation-block\"><b>Project Summary:<\/b>\nThe international inter-lab comparison program \u201cEQA for Molecular Pathology and Liquid Biopsies\u201d is conducted in partnership with QuoData and new_diagnostics. It targets diagnostic laboratories using technologies such as digital PCR or NGS to analyze circulating tumor DNA (ctDNA). CEBIO provides standardized cfDNA samples and methodological expertise.<\/p>\t\t\t\t\t\t\t\t<\/div>\n\t\t\t\t<\/div>\n\t\t\t\t\t<\/div>\n\t\t\t\t<\/div>\n\t\t\t\t<\/div>","protected":false},"excerpt":{"rendered":"<p>Aktuelle Studien CEBIO begleitet klinisch und methodisch relevante Studien im Bereich Liquid Biopsy, molekulare Diagnostik und Referenzmaterialien.Hier finden Sie eine Auswahl laufender Projekte, an denen wir beteiligt sind \u2013 von Studienzentren \u00fcber Laborvergleiche bis zu methodischen Validierungen. Externe Qualit\u00e4tssicherung in der Liquid Biopsy Die Validierung molekularer Verfahren unter Routinebedingungen ist entscheidend f\u00fcr ihre klinische Verl\u00e4sslichkeit.CEBIO [&hellip;]<\/p>\n","protected":false},"author":1,"featured_media":0,"parent":0,"menu_order":0,"comment_status":"closed","ping_status":"closed","template":"","meta":{"footnotes":""},"class_list":["post-9962","page","type-page","status-publish","hentry"],"_links":{"self":[{"href":"https:\/\/cebio-med.de\/en\/wp-json\/wp\/v2\/pages\/9962","targetHints":{"allow":["GET"]}}],"collection":[{"href":"https:\/\/cebio-med.de\/en\/wp-json\/wp\/v2\/pages"}],"about":[{"href":"https:\/\/cebio-med.de\/en\/wp-json\/wp\/v2\/types\/page"}],"author":[{"embeddable":true,"href":"https:\/\/cebio-med.de\/en\/wp-json\/wp\/v2\/users\/1"}],"replies":[{"embeddable":true,"href":"https:\/\/cebio-med.de\/en\/wp-json\/wp\/v2\/comments?post=9962"}],"version-history":[{"count":10,"href":"https:\/\/cebio-med.de\/en\/wp-json\/wp\/v2\/pages\/9962\/revisions"}],"predecessor-version":[{"id":11150,"href":"https:\/\/cebio-med.de\/en\/wp-json\/wp\/v2\/pages\/9962\/revisions\/11150"}],"wp:attachment":[{"href":"https:\/\/cebio-med.de\/en\/wp-json\/wp\/v2\/media?parent=9962"}],"curies":[{"name":"wp","href":"https:\/\/api.w.org\/{rel}","templated":true}]}}