{"id":11021,"date":"2025-10-09T11:18:56","date_gmt":"2025-10-09T09:18:56","guid":{"rendered":"https:\/\/cebio-med.com\/?page_id=11021"},"modified":"2025-11-21T10:47:59","modified_gmt":"2025-11-21T09:47:59","slug":"fuer-aerzte-und-labore","status":"publish","type":"page","link":"https:\/\/cebio-med.de\/en\/fuer-aerzte-und-labore\/","title":{"rendered":"For Physicians and Laboratories"},"content":{"rendered":"<div data-elementor-type=\"wp-page\" data-elementor-id=\"11021\" class=\"elementor elementor-11021\" data-elementor-post-type=\"page\">\n\t\t\t\t<div class=\"elementor-element elementor-element-7f65848 e-con-full e-flex e-con e-parent\" data-id=\"7f65848\" data-element_type=\"container\" data-e-type=\"container\" data-settings=\"{&quot;_ha_eqh_enable&quot;:false}\">\n\t\t\t\t<div class=\"elementor-element elementor-element-977f2f7 elementor-widget elementor-widget-heading\" data-id=\"977f2f7\" data-element_type=\"widget\" data-e-type=\"widget\" data-widget_type=\"heading.default\">\n\t\t\t\t<div class=\"elementor-widget-container\">\n\t\t\t\t\t<h1 class=\"elementor-heading-title elementor-size-default\">Reliable diagnostics begin with clear processes<\/h1>\t\t\t\t<\/div>\n\t\t\t\t<\/div>\n\t\t\t\t<div class=\"elementor-element elementor-element-5d81b57 elementor-widget elementor-widget-text-editor\" data-id=\"5d81b57\" data-element_type=\"widget\" data-e-type=\"widget\" data-widget_type=\"text-editor.default\">\n\t\t\t\t<div class=\"elementor-widget-container\">\n\t\t\t\t\t\t\t\t\t<p class=\"translation-block\">CEBIO is your partner for scientifically validated, reproducible, and clinically relevant diagnostics.\nWhether performing liquid biopsy analyses, evaluating diagnostic methods, or collaborating on research projects \u2013 CEBIO combines laboratory practice, quality awareness, and scientific methodology.<\/p><p class=\"translation-block\">We work according to recognized principles of quality and method development, creating the foundation for traceable, comparable, and clinically meaningful results.\nPhysicians and laboratories benefit from proven procedures, biologically authentic reference materials, and practice-oriented research at the interface between diagnostics and science.<\/p><p class=\"translation-block\">CEBIO collaborates closely with the Munich Biomarker Research Center, TUM University Hospital German Heart Center, QuoData, and new_diagnostics.\nThe Munich Biomarker Research Center, TUM University Hospital German Heart Center, is our laboratory partner for molecular diagnostic analyses and research projects, providing extensive expertise in both pre-analytical and analytical processes.\nQuoData complements this expertise through statistical and methodological competence in the evaluation of diagnostic procedures.\nnew_diagnostics supports the transfer into practice \u2013 from selection to implementation of diagnostic materials and procedures.<\/p>\t\t\t\t\t\t\t\t<\/div>\n\t\t\t\t<\/div>\n\t\t\t\t<div class=\"elementor-element elementor-element-5785ddd elementor-widget elementor-widget-heading\" data-id=\"5785ddd\" data-element_type=\"widget\" data-e-type=\"widget\" data-widget_type=\"heading.default\">\n\t\t\t\t<div class=\"elementor-widget-container\">\n\t\t\t\t\t<h3 class=\"elementor-heading-title elementor-size-default\">We offer<\/h3>\t\t\t\t<\/div>\n\t\t\t\t<\/div>\n\t\t\t\t<div class=\"elementor-element elementor-element-d6d7ef6 elementor-widget elementor-widget-text-editor\" data-id=\"d6d7ef6\" data-element_type=\"widget\" data-e-type=\"widget\" data-widget_type=\"text-editor.default\">\n\t\t\t\t<div class=\"elementor-widget-container\">\n\t\t\t\t\t\t\t\t\t<ul><li class=\"translation-block\"><b>Liquid biopsy analyses<\/b> with high analytical sensitivity and clearly defined pre-analytical processes.\nNote: Liquid biopsy examinations are currently not routinely covered by health insurance and \u2013 unless part of a study \u2013 are generally self-pay services.<\/li><li class=\"translation-block\"><b>Biologically authentic reference<\/b> materials for verification, calibration, and method evaluation.<\/li><li class=\"translation-block\"><b>Scientific support and study assistance<\/b> from planning to data analysis.<\/li><li class=\"translation-block\"><b>Method comparison studies<\/b> to assess reproducibility and performance of diagnostic procedures.<\/li><li class=\"translation-block\"><b>Consulting on quality assurance and validation<\/b> of diagnostic methods \u2013 based on scientific evidence and documented processes.<\/li><\/ul>\t\t\t\t\t\t\t\t<\/div>\n\t\t\t\t<\/div>\n\t\t\t\t<div class=\"elementor-element elementor-element-889a9da elementor-widget elementor-widget-heading\" data-id=\"889a9da\" data-element_type=\"widget\" data-e-type=\"widget\" data-widget_type=\"heading.default\">\n\t\t\t\t<div class=\"elementor-widget-container\">\n\t\t\t\t\t<h3 class=\"elementor-heading-title elementor-size-default\">The value for physicians and laboratories<\/h3>\t\t\t\t<\/div>\n\t\t\t\t<\/div>\n\t\t\t\t<div class=\"elementor-element elementor-element-3dbe64b elementor-widget elementor-widget-text-editor\" data-id=\"3dbe64b\" data-element_type=\"widget\" data-e-type=\"widget\" data-widget_type=\"text-editor.default\">\n\t\t\t\t<div class=\"elementor-widget-container\">\n\t\t\t\t\t\t\t\t\t<ul><li><strong>Analytical precision<\/strong><br \/>CEBIO applies scientifically validated procedures and authentic reference materials that enable high sensitivity and reproducibility.<\/li><li><strong>Quality and traceability<\/strong><br \/>All processes follow documented and transparent procedures \u2013 ensuring results that can be reliably interpreted.<\/li><li><strong>Research and collaboration<\/strong><br \/>Physicians and laboratories benefit from the collaboration between the Munich Biomarker Research Center, TUM University Hospital German Heart Center (laboratory partner), QuoData (methodology and statistics), and new_diagnostics (distribution and application) \u2013 ensuring methodological comparability, translational research, and practical implementation.<\/li><li><strong>Practice-oriented implementation<\/strong><br \/>From sample logistics to scientific evaluation, CEBIO accompanies every phase with structured communication and clear workflows.<\/li><\/ul>\t\t\t\t\t\t\t\t<\/div>\n\t\t\t\t<\/div>\n\t\t\t\t<\/div>\n\t\t<div class=\"elementor-element elementor-element-e394238 e-con-full e-flex e-con e-parent\" data-id=\"e394238\" data-element_type=\"container\" data-e-type=\"container\" data-settings=\"{&quot;_ha_eqh_enable&quot;:false}\">\n\t\t<div class=\"elementor-element elementor-element-8d32b02 e-con-full e-flex e-con e-child\" data-id=\"8d32b02\" data-element_type=\"container\" data-e-type=\"container\" data-settings=\"{&quot;_ha_eqh_enable&quot;:false}\">\n\t\t\t\t<div class=\"elementor-element elementor-element-39f5811 elementor-widget elementor-widget-heading\" data-id=\"39f5811\" data-element_type=\"widget\" data-e-type=\"widget\" data-widget_type=\"heading.default\">\n\t\t\t\t<div class=\"elementor-widget-container\">\n\t\t\t\t\t<h2 class=\"elementor-heading-title elementor-size-default\">Step by step: Working with CEBIO<\/h2>\t\t\t\t<\/div>\n\t\t\t\t<\/div>\n\t\t\t\t<div class=\"elementor-element elementor-element-541b0c4 elementor-widget elementor-widget-text-editor\" data-id=\"541b0c4\" data-element_type=\"widget\" data-e-type=\"widget\" data-widget_type=\"text-editor.default\">\n\t\t\t\t<div class=\"elementor-widget-container\">\n\t\t\t\t\t\t\t\t\t<ol><li><strong>Contact &amp; Inquiry<\/strong><br \/>Physicians or laboratories contact our team to discuss analyses or research projects.<\/li><li><strong>Sample collection &amp; shipping<\/strong><br \/>We provide clear instructions and materials \u2013 from blood collection to shipping.<\/li><li><strong>Analysis &amp; quality control<\/strong><br \/>Samples are analyzed in our partner laboratories under documented and standardized conditions.\nResults are verified using appropriate reference materials.<br \/>Results are verified using appropriate reference materials.<\/li><li><strong>Report &amp; evaluation<\/strong><br \/>Physicians receive structured, scientifically documented results including methodological evaluation.<\/li><li><strong>Optional collaboration in research projects<\/strong><br \/>For complex questions or translational studies, physicians and laboratories can actively participate in research projects.<\/li><\/ol><h5><strong>Documents and information<\/strong><\/h5><ul><li><a href=\"\/wp-content\/uploads\/2025\/10\/20251007_Prozessablauf-Liquid-Biopsy_text_V1.2.pdf\" target=\"_blank\" rel=\"noopener\">Process Information<\/a><\/li><li><a href=\"\/en\/shared-files\/10621\/?20250818_Anforderungsformular_V1.3.pdf\" target=\"_blank\" rel=\"noopener\">Anforderungsformular<\/a><\/li><li><a href=\"\/wp-content\/uploads\/2025\/10\/20251007_Patienteninformation-zur-Liquid-Biopsy_V1.0.pdf\" target=\"_blank\" rel=\"noopener\">Patient Information<\/a><\/li><li><a href=\"\/en\/shared-files\/10622\/?20250818_Einwilligungserklaerung_V1.3.pdf\">Patient Consent Form<\/a><\/li><li><a href=\"\/wp-content\/uploads\/2025\/10\/20251010_Bestellformular_V1.2.pdf\" target=\"_blank\" rel=\"noopener\">Order Form<\/a><\/li><\/ul>\t\t\t\t\t\t\t\t<\/div>\n\t\t\t\t<\/div>\n\t\t\t\t<\/div>\n\t\t<div class=\"elementor-element elementor-element-8783c70 e-con-full e-flex e-con e-child\" data-id=\"8783c70\" data-element_type=\"container\" data-e-type=\"container\" data-settings=\"{&quot;background_background&quot;:&quot;classic&quot;,&quot;_ha_eqh_enable&quot;:false}\">\n\t\t\t\t<div class=\"elementor-element elementor-element-281db4d elementor-widget elementor-widget-heading\" data-id=\"281db4d\" data-element_type=\"widget\" data-e-type=\"widget\" data-widget_type=\"heading.default\">\n\t\t\t\t<div class=\"elementor-widget-container\">\n\t\t\t\t\t<h2 class=\"elementor-heading-title elementor-size-default\">In Short<\/h2>\t\t\t\t<\/div>\n\t\t\t\t<\/div>\n\t\t\t\t<div class=\"elementor-element elementor-element-fa69c9a elementor-widget elementor-widget-text-editor\" data-id=\"fa69c9a\" data-element_type=\"widget\" data-e-type=\"widget\" data-widget_type=\"text-editor.default\">\n\t\t\t\t<div class=\"elementor-widget-container\">\n\t\t\t\t\t\t\t\t\t<p class=\"translation-block\">CEBIO supports physicians and laboratories with scientifically validated methods, documented processes, and methodological transparency.\nWe combine analytical precision, methodological expertise, and practical implementation to make diagnostics traceable and clinically relevant.\nThe result is diagnostics based on reproducible science \u2013 creating trust between laboratory, clinic, and patient.<\/p>\t\t\t\t\t\t\t\t<\/div>\n\t\t\t\t<\/div>\n\t\t\t\t<div class=\"elementor-element elementor-element-3ba9564 elementor-icon-list--layout-traditional elementor-list-item-link-full_width elementor-widget elementor-widget-global elementor-global-10579 elementor-widget-icon-list\" data-id=\"3ba9564\" data-element_type=\"widget\" data-e-type=\"widget\" data-widget_type=\"icon-list.default\">\n\t\t\t\t<div class=\"elementor-widget-container\">\n\t\t\t\t\t\t\t<ul class=\"elementor-icon-list-items\">\n\t\t\t\t\t\t\t<li class=\"elementor-icon-list-item\">\n\t\t\t\t\t\t\t\t\t\t\t<a href=\"mailto:service@cebio-med.de\">\n\n\t\t\t\t\t\t\t\t\t\t\t\t<span class=\"elementor-icon-list-icon\">\n\t\t\t\t\t\t\t<svg aria-hidden=\"true\" class=\"e-font-icon-svg e-far-envelope\" viewbox=\"0 0 512 512\" xmlns=\"http:\/\/www.w3.org\/2000\/svg\"><path d=\"M464 64H48C21.49 64 0 85.49 0 112v288c0 26.51 21.49 48 48 48h416c26.51 0 48-21.49 48-48V112c0-26.51-21.49-48-48-48zm0 48v40.805c-22.422 18.259-58.168 46.651-134.587 106.49-16.841 13.247-50.201 45.072-73.413 44.701-23.208.375-56.579-31.459-73.413-44.701C106.18 199.465 70.425 171.067 48 152.805V112h416zM48 400V214.398c22.914 18.251 55.409 43.862 104.938 82.646 21.857 17.205 60.134 55.186 103.062 54.955 42.717.231 80.509-37.199 103.053-54.947 49.528-38.783 82.032-64.401 104.947-82.653V400H48z\"><\/path><\/svg>\t\t\t\t\t\t<\/span>\n\t\t\t\t\t\t\t\t\t\t<span class=\"elementor-icon-list-text\">service@cebio-med.de<\/span>\n\t\t\t\t\t\t\t\t\t\t\t<\/a>\n\t\t\t\t\t\t\t\t\t<\/li>\n\t\t\t\t\t\t\t\t<li class=\"elementor-icon-list-item\">\n\t\t\t\t\t\t\t\t\t\t\t<a href=\"tel:+4989208027104\">\n\n\t\t\t\t\t\t\t\t\t\t\t\t<span class=\"elementor-icon-list-icon\">\n\t\t\t\t\t\t\t<svg aria-hidden=\"true\" class=\"e-font-icon-svg e-fas-mobile-alt\" viewbox=\"0 0 320 512\" xmlns=\"http:\/\/www.w3.org\/2000\/svg\"><path d=\"M272 0H48C21.5 0 0 21.5 0 48v416c0 26.5 21.5 48 48 48h224c26.5 0 48-21.5 48-48V48c0-26.5-21.5-48-48-48zM160 480c-17.7 0-32-14.3-32-32s14.3-32 32-32 32 14.3 32 32-14.3 32-32 32zm112-108c0 6.6-5.4 12-12 12H60c-6.6 0-12-5.4-12-12V60c0-6.6 5.4-12 12-12h200c6.6 0 12 5.4 12 12v312z\"><\/path><\/svg>\t\t\t\t\t\t<\/span>\n\t\t\t\t\t\t\t\t\t\t<span class=\"elementor-icon-list-text\">+49 (0)89-208027-104<\/span>\n\t\t\t\t\t\t\t\t\t\t\t<\/a>\n\t\t\t\t\t\t\t\t\t<\/li>\n\t\t\t\t\t\t<\/ul>\n\t\t\t\t\t\t<\/div>\n\t\t\t\t<\/div>\n\t\t\t\t<\/div>\n\t\t\t\t<\/div>\n\t\t<div class=\"elementor-element elementor-element-a852082 e-con-full e-flex e-con e-parent\" data-id=\"a852082\" data-element_type=\"container\" data-e-type=\"container\" data-settings=\"{&quot;background_background&quot;:&quot;classic&quot;,&quot;_ha_eqh_enable&quot;:false}\">\n\t\t\t\t<div class=\"elementor-element elementor-element-27dd19c elementor-widget elementor-widget-heading\" data-id=\"27dd19c\" data-element_type=\"widget\" data-e-type=\"widget\" data-widget_type=\"heading.default\">\n\t\t\t\t<div class=\"elementor-widget-container\">\n\t\t\t\t\t<h2 class=\"elementor-heading-title elementor-size-default\">Further information:<\/h2>\t\t\t\t<\/div>\n\t\t\t\t<\/div>\n\t\t\t\t<div class=\"elementor-element elementor-element-00265e7 elementor-widget elementor-widget-button\" data-id=\"00265e7\" data-element_type=\"widget\" data-e-type=\"widget\" data-widget_type=\"button.default\">\n\t\t\t\t<div class=\"elementor-widget-container\">\n\t\t\t\t\t\t\t\t\t<div class=\"elementor-button-wrapper\">\n\t\t\t\t\t<a class=\"elementor-button elementor-button-link elementor-size-sm\" href=\"\/en\/liquid-biopsy\/\">\n\t\t\t\t\t\t<span class=\"elementor-button-content-wrapper\">\n\t\t\t\t\t\t<span class=\"elementor-button-icon\">\n\t\t\t\t<i aria-hidden=\"true\" class=\"hm hm-arrow-right\"><\/i>\t\t\t<\/span>\n\t\t\t\t\t\t\t\t\t<span class=\"elementor-button-text\">liquid biopsy<\/span>\n\t\t\t\t\t<\/span>\n\t\t\t\t\t<\/a>\n\t\t\t\t<\/div>\n\t\t\t\t\t\t\t\t<\/div>\n\t\t\t\t<\/div>\n\t\t\t\t<div class=\"elementor-element elementor-element-c948b41 elementor-widget elementor-widget-button\" data-id=\"c948b41\" data-element_type=\"widget\" data-e-type=\"widget\" data-widget_type=\"button.default\">\n\t\t\t\t<div class=\"elementor-widget-container\">\n\t\t\t\t\t\t\t\t\t<div class=\"elementor-button-wrapper\">\n\t\t\t\t\t<a class=\"elementor-button elementor-button-link elementor-size-sm\" href=\"\/en\/referenzmaterialien\/\">\n\t\t\t\t\t\t<span class=\"elementor-button-content-wrapper\">\n\t\t\t\t\t\t<span class=\"elementor-button-icon\">\n\t\t\t\t<i aria-hidden=\"true\" class=\"hm hm-arrow-right\"><\/i>\t\t\t<\/span>\n\t\t\t\t\t\t\t\t\t<span class=\"elementor-button-text\">Reference Materials<\/span>\n\t\t\t\t\t<\/span>\n\t\t\t\t\t<\/a>\n\t\t\t\t<\/div>\n\t\t\t\t\t\t\t\t<\/div>\n\t\t\t\t<\/div>\n\t\t\t\t<div class=\"elementor-element elementor-element-3ca4acf elementor-widget elementor-widget-button\" data-id=\"3ca4acf\" data-element_type=\"widget\" data-e-type=\"widget\" data-widget_type=\"button.default\">\n\t\t\t\t<div class=\"elementor-widget-container\">\n\t\t\t\t\t\t\t\t\t<div class=\"elementor-button-wrapper\">\n\t\t\t\t\t<a class=\"elementor-button elementor-button-link elementor-size-sm\" href=\"\/en\/forschungsprojekte\/\">\n\t\t\t\t\t\t<span class=\"elementor-button-content-wrapper\">\n\t\t\t\t\t\t<span class=\"elementor-button-icon\">\n\t\t\t\t<i aria-hidden=\"true\" class=\"hm hm-arrow-right\"><\/i>\t\t\t<\/span>\n\t\t\t\t\t\t\t\t\t<span class=\"elementor-button-text\">Research &amp; Projects<\/span>\n\t\t\t\t\t<\/span>\n\t\t\t\t\t<\/a>\n\t\t\t\t<\/div>\n\t\t\t\t\t\t\t\t<\/div>\n\t\t\t\t<\/div>\n\t\t\t\t<\/div>\n\t\t\t\t<\/div>","protected":false},"excerpt":{"rendered":"<p>Zuverl\u00e4ssige Diagnostik beginnt mit klaren Prozessen CEBIO ist Ihr Partner f\u00fcr wissenschaftlich fundierte, reproduzierbare und klinisch relevante Diagnostik.Ob bei der Durchf\u00fchrung von Liquid-Biopsy-Analysen, der methodischen Bewertung diagnostischer Verfahren oder in der Zusammenarbeit an Forschungsprojekten \u2013 CEBIO verbindet Laborpraxis, Qualit\u00e4tsdenken und wissenschaftliche Methodik. Wir arbeiten nach anerkannten Prinzipien der Qualit\u00e4ts- und Methodenentwicklung und schaffen so die [&hellip;]<\/p>\n","protected":false},"author":1,"featured_media":0,"parent":0,"menu_order":0,"comment_status":"closed","ping_status":"closed","template":"","meta":{"footnotes":""},"class_list":["post-11021","page","type-page","status-publish","hentry"],"_links":{"self":[{"href":"https:\/\/cebio-med.de\/en\/wp-json\/wp\/v2\/pages\/11021","targetHints":{"allow":["GET"]}}],"collection":[{"href":"https:\/\/cebio-med.de\/en\/wp-json\/wp\/v2\/pages"}],"about":[{"href":"https:\/\/cebio-med.de\/en\/wp-json\/wp\/v2\/types\/page"}],"author":[{"embeddable":true,"href":"https:\/\/cebio-med.de\/en\/wp-json\/wp\/v2\/users\/1"}],"replies":[{"embeddable":true,"href":"https:\/\/cebio-med.de\/en\/wp-json\/wp\/v2\/comments?post=11021"}],"version-history":[{"count":10,"href":"https:\/\/cebio-med.de\/en\/wp-json\/wp\/v2\/pages\/11021\/revisions"}],"predecessor-version":[{"id":11340,"href":"https:\/\/cebio-med.de\/en\/wp-json\/wp\/v2\/pages\/11021\/revisions\/11340"}],"wp:attachment":[{"href":"https:\/\/cebio-med.de\/en\/wp-json\/wp\/v2\/media?parent=11021"}],"curies":[{"name":"wp","href":"https:\/\/api.w.org\/{rel}","templated":true}]}}