{"id":10635,"date":"2025-09-23T14:33:55","date_gmt":"2025-09-23T12:33:55","guid":{"rendered":"https:\/\/cebio-med.com\/?page_id=10635"},"modified":"2025-10-12T14:18:58","modified_gmt":"2025-10-12T12:18:58","slug":"liquid-biopsy","status":"publish","type":"page","link":"https:\/\/cebio-med.de\/en\/liquid-biopsy\/","title":{"rendered":"Liquid Biopsy"},"content":{"rendered":"\t\t<div data-elementor-type=\"wp-page\" data-elementor-id=\"10635\" class=\"elementor elementor-10635\" data-elementor-post-type=\"page\">\n\t\t\t\t<div class=\"elementor-element elementor-element-bacc2b5 e-con-full e-flex e-con e-parent\" data-id=\"bacc2b5\" data-element_type=\"container\" data-e-type=\"container\" data-settings=\"{&quot;_ha_eqh_enable&quot;:false}\">\n\t\t\t\t<div class=\"elementor-element elementor-element-a03386b elementor-widget elementor-widget-heading\" data-id=\"a03386b\" data-element_type=\"widget\" data-e-type=\"widget\" data-widget_type=\"heading.default\">\n\t\t\t\t<div class=\"elementor-widget-container\">\n\t\t\t\t\t<h1 class=\"elementor-heading-title elementor-size-default\">Liquid Biopsy<\/h1>\t\t\t\t<\/div>\n\t\t\t\t<\/div>\n\t\t\t\t<div class=\"elementor-element elementor-element-ba124df elementor-widget elementor-widget-text-editor\" data-id=\"ba124df\" data-element_type=\"widget\" data-e-type=\"widget\" data-widget_type=\"text-editor.default\">\n\t\t\t\t<div class=\"elementor-widget-container\">\n\t\t\t\t\t\t\t\t\t<p><strong>Molekulare Information direkt aus der Blutprobe<\/strong><\/p><p>Die Liquid Biopsy erm\u00f6glicht eine pr\u00e4zise, nichtinvasive Diagnostik auf Basis zirkulierender Tumor-DNA. Sie liefert entscheidende molekulare Informationen zur Tumorbiologie \u2013 schnell, sicher und patientenschonend. Ob zur Unterst\u00fctzung der\u00a0 Prim\u00e4rdiagnostik, Therapiewahl oder Verlaufskontrolle: CEBIO bietet analytisch valide Liquid-Biopsy-Verfahren, fundierte Auswertung und individuell interpretierbare Ergebnisse \u2013 klinisch relevant und wissenschaftlich fundiert.<\/p><p>Die molekulare Analytik erfolgt in enger Kooperation mit dem Munich Biomarker Research Center, TUM Klinikum Deutsches Herzzentrum<strong><em>. <\/em><\/strong>Die dortige diagnostische Expertise im Bereich zirkulierender Biomarker, gepaart mit langj\u00e4hriger Forschungserfahrung in der Liquid Biopsy, gew\u00e4hrleistet h\u00f6chste Qualit\u00e4t und klinische Relevanz unserer Ergebnisse.<\/p>\t\t\t\t\t\t\t\t<\/div>\n\t\t\t\t<\/div>\n\t\t\t\t<div class=\"elementor-element elementor-element-c528ddd elementor-widget-divider--view-line elementor-widget elementor-widget-divider\" data-id=\"c528ddd\" data-element_type=\"widget\" data-e-type=\"widget\" data-widget_type=\"divider.default\">\n\t\t\t\t<div class=\"elementor-widget-container\">\n\t\t\t\t\t\t\t<div class=\"elementor-divider\">\n\t\t\t<span class=\"elementor-divider-separator\">\n\t\t\t\t\t\t<\/span>\n\t\t<\/div>\n\t\t\t\t\t\t<\/div>\n\t\t\t\t<\/div>\n\t\t\t\t<\/div>\n\t\t<div class=\"elementor-element elementor-element-619c9ee qodef-elementor-content-grid e-con-full e-flex e-con e-parent\" data-id=\"619c9ee\" data-element_type=\"container\" data-e-type=\"container\" data-settings=\"{&quot;background_background&quot;:&quot;classic&quot;,&quot;_ha_eqh_enable&quot;:&quot;yes&quot;,&quot;_ha_eqh_widget&quot;:[&quot;qi_addons_for_elementor_icon_with_text&quot;],&quot;_ha_eqh_to&quot;:&quot;widget&quot;,&quot;_ha_eqh_disable_on_tablet&quot;:&quot;no&quot;,&quot;_ha_eqh_disable_on_mobile&quot;:&quot;yes&quot;}\">\n\t\t<div class=\"elementor-element elementor-element-f5e61b9 qodef-custom-shadow e-con-full e-flex e-con e-child\" data-id=\"f5e61b9\" data-element_type=\"container\" data-e-type=\"container\" data-settings=\"{&quot;_ha_eqh_enable&quot;:false}\">\n\t\t\t\t<div class=\"elementor-element elementor-element-1fb4282 elementor-widget elementor-widget-qi_addons_for_elementor_icon_with_text\" data-id=\"1fb4282\" data-element_type=\"widget\" data-e-type=\"widget\" data-widget_type=\"qi_addons_for_elementor_icon_with_text.default\">\n\t\t\t\t<div class=\"elementor-widget-container\">\n\t\t\t\t\t<div class=\"qodef-shortcode qodef-m qodef-qi-icon-with-text qodef-layout--top qodef--custom-icon qodef-alignment--left\" >\n\t\t\t<div class=\"qodef-m-icon-wrapper\">\n\t\t\t\t<a itemprop=\"url\" href=\"https:\/\/cebio-med.de\/liquid-biopsy-fuer-mediziner\/\" target=\"_self\">\n\t<div class=\"qodef-m-icon-holder\">\n\t\t<svg xmlns=\"http:\/\/www.w3.org\/2000\/svg\" xmlns:xlink=\"http:\/\/www.w3.org\/1999\/xlink\" width=\"512\" height=\"512\" x=\"0\" y=\"0\" viewBox=\"0 0 512 512\" style=\"enable-background:new 0 0 512 512\" xml:space=\"preserve\"><g><linearGradient id=\"a\" x1=\"137.856\" x2=\"372.383\" y1=\"384.17\" y2=\"149.643\" gradientUnits=\"userSpaceOnUse\"><stop stop-opacity=\"1\" stop-color=\"#0bc9c8\" offset=\"0\"><\/stop><stop stop-opacity=\"1\" stop-color=\"#086dd6\" offset=\"0.996\"><\/stop><\/linearGradient><path fill=\"url(#a)\" d=\"M417.25 388.189v18.902c-14.411 9.71-23.911 26.176-23.911 44.821 0 29.784 24.23 54.014 54.009 54.014 29.784 0 54.014-24.23 54.014-54.014 0-18.649-9.504-35.118-23.921-44.827v-18.897c0-9.168-7.461-16.627-16.632-16.627h-26.931c-9.167.001-16.628 7.46-16.628 16.628zm71.162 63.724c0 22.644-18.423 41.064-41.064 41.064s-41.059-18.42-41.059-41.064c0-22.642 18.418-41.062 41.059-41.062s41.064 18.42 41.064 41.062zm-23.921-63.724v12.547c-5.394-1.812-11.146-2.835-17.143-2.835-5.999 0-11.753 1.024-17.148 2.838v-12.55a3.68 3.68 0 0 1 3.677-3.677h26.931c2.064 0 3.683 1.616 3.683 3.677zM111.317 254.26v34.215c0 18.896 15.373 34.268 34.271 34.268 18.893 0 34.266-15.373 34.266-34.268v-34.213c64.347-16.159 100.688-76.799 100.688-100.488 0-10.838-6.199-20.387-15.347-25.096v-72.81c0-17.887-14.553-32.44-32.44-32.44h-5.225v-5.66c0-6.449-5.246-11.695-11.695-11.695h-8.741c-13.142 0-23.83 10.691-23.83 23.83s10.688 23.828 23.83 23.828h8.741c6.449 0 11.695-5.246 11.695-11.695v-5.658h5.225c10.749 0 19.49 8.743 19.49 19.49v69.743c-11.883.041-22.745 7.669-26.668 19.28-26.01 76.006-133.934 76.128-159.973.023-3.911-11.553-14.619-19.319-26.668-19.357V55.868c0-10.747 8.741-19.49 19.49-19.49h5.225v5.658c0 6.449 5.246 11.695 11.695 11.695h8.741c13.142 0 23.83-10.688 23.83-23.828s-10.688-23.83-23.83-23.83h-8.741c-6.449 0-11.695 5.246-11.695 11.695v5.66h-5.225c-17.887 0-32.44 14.553-32.44 32.44v72.757c-12.373 6.314-18.431 20.907-13.789 34.461 15.413 45.102 53.113 79.623 99.12 91.174zM214.579 40.782h-7.486c-5.999 0-10.881-4.879-10.881-10.878s4.881-10.881 10.881-10.881h7.486zM76.601 19.023h7.486c5.999 0 10.881 4.881 10.881 10.881s-4.881 10.878-10.881 10.878h-7.486zM53.342 149.085c29.995 87.66 154.444 87.791 184.496-.025 2.372-7.016 9.343-11.384 16.526-10.438 7.542.969 13.228 7.484 13.228 15.153 0 14.389-29.206 74.997-95.549 89.003a6.476 6.476 0 0 0-5.139 6.336v39.362c0 11.756-9.56 21.319-21.316 21.319s-21.321-9.563-21.321-21.319v-39.362a6.479 6.479 0 0 0-5.139-6.336c-43.882-9.265-80.161-41.406-94.679-83.881-6.643-19.412 22.295-29.319 28.893-9.812zm241.196 203.622c0-40.722 32.936-73.813 73.813-73.813h11.655c40.361 0 73.474 32.832 73.813 73.19a6.474 6.474 0 0 1-6.419 6.528h-.056a6.477 6.477 0 0 1-6.475-6.422c-.278-33.274-27.579-60.347-60.863-60.347H368.35c-33.704 0-60.863 27.291-60.863 60.863 0 40.7-33.112 73.813-73.813 73.813H210.73c-40.7 0-73.813-33.112-73.813-73.813V342.14c0-3.576 2.898-6.475 6.475-6.475s6.475 2.898 6.475 6.475v10.567c0 33.56 27.305 60.863 60.863 60.863h22.945c33.557 0 60.863-27.303 60.863-60.863zm152.81 73.906c-13.951 0-25.297 11.349-25.297 25.3s11.346 25.302 25.297 25.302 25.302-11.351 25.302-25.302-11.351-25.3-25.302-25.3zm0 37.652c-6.809 0-12.348-5.542-12.348-12.353 0-6.809 5.539-12.35 12.348-12.35 6.814 0 12.353 5.542 12.353 12.35-.001 6.812-5.54 12.353-12.353 12.353z\" opacity=\"1\" data-original=\"url(#a)\"><\/path><\/g><\/svg>\t<\/div>\n\t<\/a>\n\t\t<\/div>\n\t\t<div class=\"qodef-m-content\">\n\t\t\t\t\t<h3 class=\"qodef-m-title\">\n\t\t\t\t\t<a itemprop=\"url\" href=\"https:\/\/cebio-med.de\/liquid-biopsy-fuer-mediziner\/\" target=\"_self\">\n\t\t\t\t\t<span class=\"qodef-m-title-text\">Fachinformation \u2013 F\u00fcr \u00c4rzt:innen, Labore und Diagnostikpartner<\/span>\n\t\t\t\t\t<\/a>\n\t\t\t<\/h3>\n\t\t\t<div class=\"qodef-m-text\"><p><strong>Liquid Biopsy \u2013 Molekulare Charakterisierung von Tumoren mittels ctDNA-Analyse<br \/><\/strong>CEBIO nutzt hochsensitive Verfahren wie Next-Generation Sequencing (NGS) und digitale PCR (dPCR) zur Analyse zirkulierender Tumor-DNA (ctDNA) aus Blutplasma. So lassen sich solide Tumoren molekular charakterisieren, Resistenzmutationen detektieren und minimale Resterkrankungen \u00fcberwachen. Unsere Analysen basieren auf standardisierten Abl\u00e4ufen und validierten Referenzmaterialien \u2013 f\u00fcr belastbare Ergebnisse und klinische Aussagekraft.<\/p><\/div>\n\t\t\t<div class=\"qodef-m-button qodef-qi-clear\">\n\t\t<a class=\"qodef-shortcode qodef-m qodef-qi-button qodef-html--link qodef-layout--textual qodef-type--standard qodef-icon--right qodef-hover--icon-move-horizontal-short qodef-text-underline qodef-underline--left\" href=\"\/liquid-biopsy-fuer-mediziner\/\" target=\"_self\">\t<span class=\"qodef-m-text\">mehr<\/span>\t\t<span class=\"qodef-m-icon qodef--icon-color-set\">\t\t<span class=\"qodef-m-icon-inner\">\t\t\t<svg xmlns=\"http:\/\/www.w3.org\/2000\/svg\" xmlns:xlink=\"http:\/\/www.w3.org\/1999\/xlink\" width=\"20\" height=\"20\" viewBox=\"0 0 20 20\"><path fill=\"#000000\" d=\"M19.354 10.146l-6-6c-0.195-0.195-0.512-0.195-0.707 0s-0.195 0.512 0 0.707l5.146 5.146h-16.293c-0.276 0-0.5 0.224-0.5 0.5s0.224 0.5 0.5 0.5h16.293l-5.146 5.146c-0.195 0.195-0.195 0.512 0 0.707 0.098 0.098 0.226 0.146 0.354 0.146s0.256-0.049 0.354-0.146l6-6c0.195-0.195 0.195-0.512 0-0.707z\"><\/path><\/svg>\t\t\t\t\t<\/span>\t<\/span><\/a>\t<\/div>\n\t<\/div>\n<\/div>\n\t\t\t\t<\/div>\n\t\t\t\t<\/div>\n\t\t\t\t<\/div>\n\t\t<div class=\"elementor-element elementor-element-17d0496 qodef-custom-shadow e-con-full e-flex e-con e-child\" data-id=\"17d0496\" data-element_type=\"container\" data-e-type=\"container\" data-settings=\"{&quot;_ha_eqh_enable&quot;:false}\">\n\t\t\t\t<div class=\"elementor-element elementor-element-d0ea2f4 elementor-widget elementor-widget-qi_addons_for_elementor_icon_with_text\" data-id=\"d0ea2f4\" data-element_type=\"widget\" data-e-type=\"widget\" data-widget_type=\"qi_addons_for_elementor_icon_with_text.default\">\n\t\t\t\t<div class=\"elementor-widget-container\">\n\t\t\t\t\t<div class=\"qodef-shortcode qodef-m qodef-qi-icon-with-text qodef-layout--top qodef--custom-icon qodef-alignment--left\" >\n\t\t\t<div class=\"qodef-m-icon-wrapper\">\n\t\t\t\t<a itemprop=\"url\" href=\"\/liquid-biopsy-fuer-patienten\/\" target=\"_self\">\n\t<div class=\"qodef-m-icon-holder\">\n\t\t<svg xmlns=\"http:\/\/www.w3.org\/2000\/svg\" xmlns:xlink=\"http:\/\/www.w3.org\/1999\/xlink\" width=\"512\" height=\"512\" x=\"0\" y=\"0\" viewBox=\"0 0 491.5 491.5\" style=\"enable-background:new 0 0 512 512\" xml:space=\"preserve\"><g><linearGradient id=\"a\" x1=\"245.76\" x2=\"245.76\" y1=\"42.189\" y2=\"449.33\" gradientUnits=\"userSpaceOnUse\"><stop stop-opacity=\"1\" stop-color=\"#09c5cb\" offset=\"0\"><\/stop><stop stop-opacity=\"1\" stop-color=\"#2482e3\" offset=\"1\"><\/stop><\/linearGradient><path fill=\"url(#a)\" d=\"M159.5 417c-2.7 0-4.8-2.1-4.8-4.8v-9.3c0-28.7 23.3-52 52-52h12.8c2.6 0 4.8 2.2 4.8 4.8s-2.2 4.8-4.8 4.8h-12.7c-23.4 0-42.4 19-42.4 42.4v9.3c-.1 2.7-2.2 4.8-4.9 4.8zm172.5 0c-2.7 0-4.8-2.1-4.8-4.8v-9.3c0-23.4-19-42.4-42.4-42.4h-12.7c-2.7 0-4.8-2.1-4.8-4.8s2.1-4.8 4.8-4.8h12.8c28.7 0 52 23.3 52 52v9.3c-.1 2.7-2.2 4.8-4.9 4.8zm-2.6 32.3H162.2c-2.7 0-4.8-2.1-4.8-4.8v-32.3c0-2.7 2.1-4.8 4.8-4.8s4.8 2.1 4.8 4.8v27.5h157.6v-27.5c0-2.7 2.1-4.8 4.8-4.8 2.6 0 4.8 2.1 4.8 4.8v32.3c0 2.7-2.2 4.8-4.8 4.8zm-83.6-99.1c-22.6 0-41-18.4-41-41v-20c0-2.6 2.1-4.8 4.8-4.8s4.8 2.2 4.8 4.8v20c0 17.3 14.1 31.4 31.4 31.4s31.4-14.1 31.4-31.4v-20c0-2.6 2.1-4.8 4.8-4.8s4.8 2.2 4.8 4.8v20c0 22.6-18.4 41-41 41zm42.6-33.7h-6.5c-2.7 0-4.8-2.1-4.8-4.8s2.1-4.8 4.8-4.8h6.5c3.6 0 6.5-2.9 6.5-6.5s-2.9-6.5-6.5-6.5H282c-2.7 0-4.8-2.1-4.8-4.8s2.1-4.8 4.8-4.8h6.5c8.9 0 16.1 7.2 16.1 16.1-.1 8.9-7.3 16.1-16.2 16.1zm.5-22.5c-2.6 0-4.8-2.1-4.8-4.8v-7.1c0-17.7-14.4-32.1-32.1-32.1h-12.5c-17.7 0-32.1 14.4-32.1 32.1v7.1c0 2.7-2.1 4.8-4.8 4.8-2.6 0-4.8-2.1-4.8-4.8v-7.1c0-23 18.7-41.7 41.7-41.7H252c23 0 41.7 18.7 41.7 41.7v7.1c0 2.6-2.1 4.8-4.8 4.8zm-8.3 0c-12.6 0-16.7-7.3-18.6-12.8-5.7 4.2-15.3 8.9-27.3 5.6-13.4-3.7-21.5 5.4-21.5 5.5-1.7 2-4.8 2.2-6.8.5s-2.2-4.8-.5-6.8c.5-.6 12.1-13.7 31.3-8.5 13.3 3.6 22.7-7.1 23.1-7.6 1-1.1 2.4-1.7 3.8-1.7 1.5 0 2.8.7 3.7 1.9 1.3 1.7 1.9 3.7 2.6 5.8 1.6 5.1 2.8 8.8 11.4 8.4 2.7-.1 4.9 1.9 5 4.6.1 2.6-1.9 4.9-4.6 5-.5.1-1.1.1-1.6.1zm-8.5 66.5c-2.7 0-4.8-2.1-4.8-4.8V334c0-2.7 2.1-4.8 4.8-4.8s4.8 2.1 4.8 4.8v21.7c-.1 2.7-2.2 4.8-4.8 4.8zm-52.6 0c-2.7 0-4.8-2.1-4.8-4.8V334c0-2.7 2.1-4.8 4.8-4.8s4.8 2.1 4.8 4.8v21.7c0 2.7-2.2 4.8-4.8 4.8zM201.3 417h-41.8c-2.7 0-4.8-2.1-4.8-4.8s2.1-4.8 4.8-4.8h41.8c2.7 0 4.8 2.1 4.8 4.8s-2.2 4.8-4.8 4.8zm88.9 32.3c-2.7 0-4.8-2.1-4.8-4.8v-53.7c0-2.7 2.1-4.8 4.8-4.8s4.8 2.2 4.8 4.8v53.7c0 2.7-2.1 4.8-4.8 4.8zm-88.9 0c-2.7 0-4.8-2.1-4.8-4.8v-53.7c0-2.7 2.1-4.8 4.8-4.8s4.8 2.2 4.8 4.8v53.7c0 2.7-2.2 4.8-4.8 4.8zm8.3-132.8H203c-8.9 0-16.1-7.2-16.1-16.1s7.2-16.1 16.1-16.1h6.5c2.7 0 4.8 2.2 4.8 4.8s-2.1 4.8-4.8 4.8H203c-3.6 0-6.5 2.9-6.5 6.5s2.9 6.5 6.5 6.5h6.6c2.7 0 4.8 2.2 4.8 4.8 0 2.7-2.1 4.8-4.8 4.8zm36.2 72.3c-.5 0-1-.1-1.5-.2-15.8-5.2-25.7-15.9-29.5-31.7-.6-2.6 1-5.2 3.6-5.8s5.2 1 5.8 3.6c2.9 12 9.9 20 21.6 24.3 11.7-4.3 18.8-12.2 21.6-24.3.6-2.6 3.2-4.2 5.8-3.6s4.2 3.2 3.6 5.8c-3.7 15.8-13.7 26.5-29.5 31.7-.5.1-1 .2-1.5.2zM193 362.6c-1.4 0-2.8-.6-3.8-1.8-8.1-10.2-20.2-16.1-33.2-16.1h-12.7c-2.7 0-4.8-2.1-4.8-4.8s2.1-4.8 4.8-4.8h12.8c15.9 0 30.7 7.2 40.7 19.7 1.7 2.1 1.3 5.1-.8 6.7-.9.8-2 1.1-3 1.1zM30.7 401.2c-2.7 0-4.8-2.1-4.8-4.8v-9.3c0-28.7 23.3-52 52-52h12.8c2.7 0 4.8 2.2 4.8 4.8s-2.2 4.8-4.8 4.8H77.9c-23.4 0-42.4 19-42.4 42.4v9.3c0 2.6-2.1 4.8-4.8 4.8zm131.5 32.3H33.4c-2.7 0-4.8-2.1-4.8-4.8v-32.3c0-2.6 2.1-4.8 4.8-4.8s4.8 2.2 4.8 4.8v27.5h124c2.7 0 4.8 2.1 4.8 4.8 0 2.6-2.2 4.8-4.8 4.8zM117 334.3c-22.6 0-41-18.4-41-41v-20c0-2.7 2.1-4.8 4.8-4.8s4.8 2.1 4.8 4.8v20c0 17.3 14.1 31.4 31.4 31.4s31.4-14.1 31.4-31.4v-20c0-2.7 2.1-4.8 4.8-4.8s4.8 2.1 4.8 4.8v20c0 22.6-18.4 41.1-41 41zm42.6-33.6h-6.5c-2.6 0-4.8-2.1-4.8-4.8s2.2-4.8 4.8-4.8h6.5c3.6 0 6.5-2.9 6.5-6.5s-2.9-6.5-6.5-6.5h-6.4c-2.6 0-4.8-2.1-4.8-4.8s2.1-4.8 4.8-4.8h6.5c8.9 0 16.1 7.2 16.1 16.1-.1 8.9-7.3 16.1-16.2 16.1zm.5-22.6c-2.7 0-4.8-2.1-4.8-4.8v-7.1c0-17.7-14.4-32.1-32.1-32.1h-12.5c-17.7 0-32.1 14.4-32.1 32.1v7.1c0 2.7-2.2 4.8-4.8 4.8s-4.8-2.2-4.8-4.8v-7.1c0-23 18.7-41.7 41.7-41.7h12.5c23 0 41.7 18.7 41.7 41.7v7.1c0 2.7-2.1 4.8-4.8 4.8zm-8.3 0c-12.6 0-16.7-7.3-18.6-12.8-5.7 4.2-15.3 8.9-27.3 5.6-13.2-3.6-21.2 5.1-21.6 5.5-1.7 2-4.8 2.2-6.8.4-2-1.7-2.2-4.7-.5-6.7.5-.6 12.1-13.7 31.3-8.5 13.3 3.6 22.7-7.1 23.1-7.6 1-1.1 2.4-1.7 3.8-1.7 1.5 0 2.8.7 3.7 1.9 1.3 1.7 1.9 3.7 2.6 5.8 1.6 5.1 2.8 8.8 11.4 8.4 2.7-.1 4.9 1.9 5 4.6.1 2.6-1.9 4.9-4.6 5-.4.1-1 .1-1.5.1zm-8.5 66.6c-2.7 0-4.8-2.1-4.8-4.8v-21.7c0-2.7 2.1-4.8 4.8-4.8 2.6 0 4.8 2.1 4.8 4.8v21.7c0 2.6-2.2 4.8-4.8 4.8zm-52.6 0c-2.7 0-4.8-2.1-4.8-4.8v-21.7c0-2.7 2.1-4.8 4.8-4.8s4.8 2.1 4.8 4.8v21.7c0 2.6-2.2 4.8-4.8 4.8zm-18.2 56.5H30.7c-2.7 0-4.8-2.1-4.8-4.8s2.1-4.8 4.8-4.8h41.8c2.7 0 4.8 2.2 4.8 4.8s-2.2 4.8-4.8 4.8zm0 32.3c-2.7 0-4.8-2.1-4.8-4.8V375c0-2.7 2.1-4.8 4.8-4.8s4.8 2.2 4.8 4.8v53.7c0 2.6-2.2 4.8-4.8 4.8zm8.3-132.8h-6.5c-8.9 0-16.1-7.2-16.1-16.1s7.2-16.1 16.1-16.1h6.5c2.7 0 4.8 2.1 4.8 4.8 0 2.6-2.1 4.8-4.8 4.8h-6.4c-3.6 0-6.5 2.9-6.5 6.5s2.9 6.5 6.5 6.5h6.5c2.7 0 4.8 2.1 4.8 4.8-.1 2.6-2.2 4.8-4.9 4.8zm36.2 72.2c-.5 0-1-.1-1.5-.2-15.8-5.2-25.8-15.9-29.5-31.7-.6-2.6 1-5.2 3.6-5.8s5.2 1 5.8 3.6c2.9 12 9.9 20 21.6 24.3 11.7-4.3 18.8-12.2 21.6-24.3.6-2.6 3.2-4.2 5.8-3.6s4.2 3.2 3.6 5.8c-3.7 15.8-13.7 26.5-29.5 31.7-.5.1-1 .2-1.5.2zM332 417h-41.8c-2.7 0-4.8-2.1-4.8-4.8s2.1-4.8 4.8-4.8H332c2.7 0 4.8 2.1 4.8 4.8s-2.1 4.8-4.8 4.8zm-33.4-54.4c-1 0-2.1-.3-3-1-2.1-1.7-2.4-4.7-.8-6.7 10-12.6 24.8-19.7 40.7-19.7h12.8c2.7 0 4.8 2.2 4.8 4.8s-2.1 4.8-4.8 4.8h-12.7c-13 0-25.1 5.9-33.2 16.1-1 1.1-2.4 1.7-3.8 1.7zm162.2 38.6c-2.6 0-4.8-2.1-4.8-4.8v-9.3c0-23.4-19-42.4-42.4-42.4h-12.7c-2.7 0-4.8-2.1-4.8-4.8s2.1-4.8 4.8-4.8h12.8c28.7 0 52 23.3 52 52v9.3c-.1 2.6-2.2 4.8-4.9 4.8zm-2.6 32.3H329.4c-2.7 0-4.8-2.1-4.8-4.8s2.2-4.8 4.8-4.8h124v-27.5c0-2.6 2.1-4.8 4.8-4.8s4.8 2.2 4.8 4.8v32.3c0 2.6-2.2 4.8-4.8 4.8zm-83.6-99.2c-22.6 0-41-18.4-41-41v-20c0-2.7 2.1-4.8 4.8-4.8s4.8 2.1 4.8 4.8v20c0 17.3 14.1 31.4 31.4 31.4s31.4-14.1 31.4-31.4v-20c0-2.7 2.1-4.8 4.8-4.8s4.8 2.1 4.8 4.8v20c0 22.6-18.4 41.1-41 41zm42.6-33.6h-6.5c-2.6 0-4.8-2.1-4.8-4.8s2.1-4.8 4.8-4.8h6.6c3.6 0 6.5-2.9 6.5-6.5s-2.9-6.5-6.5-6.5h-6.5c-2.7 0-4.8-2.1-4.8-4.8s2.2-4.8 4.8-4.8h6.5c8.9 0 16.1 7.2 16.1 16.1-.1 8.9-7.3 16.1-16.2 16.1zm.5-22.6c-2.7 0-4.8-2.1-4.8-4.8v-7.1c0-17.7-14.4-32.1-32.1-32.1h-12.5c-17.7 0-32.1 14.4-32.1 32.1v7.1c0 2.7-2.2 4.8-4.8 4.8s-4.8-2.2-4.8-4.8v-7.1c0-23 18.7-41.7 41.7-41.7h12.5c23 0 41.7 18.7 41.7 41.7v7.1c0 2.7-2.1 4.8-4.8 4.8zm-8.3 0c-12.6 0-16.7-7.3-18.6-12.8-5.7 4.2-15.3 8.9-27.3 5.6-13.2-3.6-21.2 5.1-21.6 5.5-1.8 2-4.8 2.2-6.8.4-2-1.7-2.2-4.7-.5-6.7.5-.6 12.1-13.7 31.3-8.5 13.3 3.6 22.7-7.1 23.1-7.6 1-1.1 2.4-1.7 3.8-1.7 1.5 0 2.8.7 3.7 1.9 1.3 1.7 1.9 3.7 2.6 5.8 1.6 5.1 2.8 8.8 11.4 8.4 2.7-.1 4.9 1.9 5 4.6.1 2.6-1.9 4.9-4.6 5-.4.1-1 .1-1.5.1zm-8.5 66.6c-2.7 0-4.8-2.1-4.8-4.8v-21.7c0-2.7 2.1-4.8 4.8-4.8s4.8 2.1 4.8 4.8v21.7c0 2.6-2.2 4.8-4.8 4.8zm-52.6 0c-2.7 0-4.8-2.1-4.8-4.8v-21.7c0-2.7 2.1-4.8 4.8-4.8s4.8 2.1 4.8 4.8v21.7c0 2.6-2.2 4.8-4.8 4.8zm112.5 56.5H419c-2.7 0-4.8-2.1-4.8-4.8s2.2-4.8 4.8-4.8h41.8c2.7 0 4.8 2.2 4.8 4.8s-2.1 4.8-4.8 4.8zM419 433.5c-2.7 0-4.8-2.1-4.8-4.8V375c0-2.7 2.1-4.8 4.8-4.8s4.8 2.2 4.8 4.8v53.7c0 2.6-2.1 4.8-4.8 4.8zm-80.6-132.8h-6.5c-8.9 0-16.1-7.2-16.1-16.1s7.2-16.1 16.1-16.1h6.5c2.7 0 4.8 2.1 4.8 4.8 0 2.6-2.1 4.8-4.8 4.8H332c-3.6 0-6.5 2.9-6.5 6.5s2.9 6.5 6.5 6.5h6.5c2.7 0 4.8 2.1 4.8 4.8-.1 2.6-2.2 4.8-4.9 4.8zm36.2 72.2c-.5 0-1-.1-1.5-.2-15.8-5.2-25.7-15.9-29.5-31.7-.6-2.6 1-5.2 3.6-5.8s5.2 1 5.8 3.6c2.9 12 9.9 20 21.6 24.3 11.7-4.3 18.8-12.2 21.6-24.3.6-2.6 3.2-4.2 5.8-3.6s4.2 3.2 3.6 5.8c-3.8 15.8-13.7 26.5-29.5 31.7-.5.1-1 .2-1.5.2zM234.5 163.6h22.6v-24.2c0-2.7 2.1-4.8 4.8-4.8h24.2V112h-24.2c-2.7 0-4.8-2.1-4.8-4.8V83h-22.6v24.2c0 2.7-2.1 4.8-4.8 4.8h-24.2v22.6h24.2c2.7 0 4.8 2.2 4.8 4.8zm27.4 9.6h-32.2c-2.7 0-4.8-2.1-4.8-4.8v-24.2h-24.2c-2.7 0-4.8-2.1-4.8-4.8v-32.2c0-2.6 2.1-4.8 4.8-4.8h24.2V78.3c0-2.6 2.1-4.8 4.8-4.8h32.2c2.6 0 4.8 2.2 4.8 4.8v24.2h24.2c2.6 0 4.8 2.2 4.8 4.8v32.2c0 2.6-2.2 4.8-4.8 4.8h-24.2v24.2c0 2.6-2.2 4.7-4.8 4.7zM106.1 89.1c-8.1 0-14.7 6.6-14.7 14.7 0 16.4 16.9 34.3 34.2 51.7 17.4-17.4 34.2-35.3 34.2-51.7 0-8.1-6.6-14.7-14.7-14.7-7.1 0-10.6 2.8-15.2 12-.8 1.6-2.5 2.6-4.3 2.6s-3.5-1-4.3-2.6c-4.6-9.2-8.2-12-15.2-12zm19.5 78.1c-1.2 0-2.5-.5-3.4-1.4-19.9-19.9-40.4-40.4-40.4-61.9 0-13.4 10.9-24.3 24.3-24.3 9.3 0 15 3.8 19.5 10 4.5-6.2 10.2-10 19.5-10 13.4 0 24.3 10.9 24.3 24.3 0 21.5-20.6 42.1-40.4 61.9-.9.9-2.2 1.4-3.4 1.4zm44.4-27.8h-34.7c-1.7 0-3.3-.9-4.2-2.4l-5.6-9.7-5.5 9.7c-.9 1.5-2.5 2.4-4.2 2.4H81.2c-2.7 0-4.8-2.1-4.8-4.8s2.1-4.8 4.8-4.8h31.9l8.4-14.5c.9-1.5 2.4-2.4 4.2-2.4 1.7 0 3.3.9 4.2 2.4l8.4 14.5H170c2.7 0 4.8 2.2 4.8 4.8s-2.2 4.8-4.8 4.8zm176.4-50.3c-8.1 0-14.7 6.6-14.7 14.7 0 16.4 16.9 34.3 34.2 51.7 17.4-17.4 34.2-35.3 34.2-51.7 0-8.1-6.6-14.7-14.7-14.7-7.1 0-10.6 2.8-15.2 12-.8 1.6-2.5 2.6-4.3 2.6s-3.5-1-4.3-2.6c-4.5-9.2-8.1-12-15.2-12zm19.5 78.1c-1.2 0-2.5-.5-3.4-1.4-19.9-19.9-40.4-40.4-40.4-61.9 0-13.4 10.9-24.3 24.3-24.3 9.3 0 15.1 3.8 19.5 10 4.5-6.2 10.2-10 19.5-10 13.4 0 24.3 10.9 24.3 24.3 0 21.5-20.6 42.1-40.4 61.9-.9.9-2.1 1.4-3.4 1.4zm44.5-27.8h-34.7c-1.7 0-3.3-.9-4.2-2.4l-5.6-9.7-5.6 9.7c-.9 1.5-2.5 2.4-4.2 2.4h-34.7c-2.7 0-4.8-2.1-4.8-4.8s2.1-4.8 4.8-4.8h31.9l8.4-14.5c.9-1.5 2.4-2.4 4.2-2.4 1.7 0 3.3.9 4.2 2.4l8.4 14.5h31.9c2.7 0 4.8 2.2 4.8 4.8s-2.2 4.8-4.8 4.8zM57 194.9h377.6V51.8H57zm382.4 9.6H52.2c-2.7 0-4.8-2.2-4.8-4.8V47c0-2.7 2.1-4.8 4.8-4.8h387.2c2.7 0 4.8 2.2 4.8 4.8v152.7c0 2.7-2.2 4.8-4.8 4.8z\" opacity=\"1\" data-original=\"url(#a)\"><\/path><\/g><\/svg>\t<\/div>\n\t<\/a>\n\t\t<\/div>\n\t\t<div class=\"qodef-m-content\">\n\t\t\t\t\t<h3 class=\"qodef-m-title\">\n\t\t\t\t\t<a itemprop=\"url\" href=\"\/liquid-biopsy-fuer-patienten\/\" target=\"_self\">\n\t\t\t\t\t<span class=\"qodef-m-title-text\">Einfach erkl\u00e4rt \u2013 F\u00fcr Patient:innen und Studienbeteiligte<\/span>\n\t\t\t\t\t<\/a>\n\t\t\t<\/h3>\n\t\t\t<div class=\"qodef-m-text\"><p><strong>Liquid Biopsy \u2013 Aussagekr\u00e4ftige Einblicke per Blutprobe<\/strong><br \/>Mit der Liquid Biopsy k\u00f6nnen \u00c4rzt:innen Tumor-DNA-Fragmente in Ihrem Blut analysieren \u2013 ganz ohne Operation oder Gewebeentnahme. Dieses moderne Verfahren unterst\u00fctzt die Auswahl der Therapie, die \u00dcberwachung des Behandlungserfolgs und das fr\u00fchzeitige Erkennen eines R\u00fcckfalls. Die Untersuchung ist minimalinvasiv, schnell und kann bei Bedarf mehrfach durchgef\u00fchrt werden \u2013 w\u00e4hrend des gesamten Behandlungsverlaufs.<\/p><\/div>\n\t\t\t<div class=\"qodef-m-button qodef-qi-clear\">\n\t\t<a class=\"qodef-shortcode qodef-m qodef-qi-button qodef-html--link qodef-layout--textual qodef-type--standard qodef-icon--right qodef-hover--icon-move-horizontal-short qodef-text-underline qodef-underline--left\" href=\"\/liquid-biopsy-fuer-patienten\/\" target=\"_self\">\t<span class=\"qodef-m-text\">mehr<\/span>\t\t<span class=\"qodef-m-icon qodef--icon-color-set\">\t\t<span class=\"qodef-m-icon-inner\">\t\t\t<svg xmlns=\"http:\/\/www.w3.org\/2000\/svg\" xmlns:xlink=\"http:\/\/www.w3.org\/1999\/xlink\" width=\"20\" height=\"20\" viewBox=\"0 0 20 20\"><path fill=\"#000000\" d=\"M19.354 10.146l-6-6c-0.195-0.195-0.512-0.195-0.707 0s-0.195 0.512 0 0.707l5.146 5.146h-16.293c-0.276 0-0.5 0.224-0.5 0.5s0.224 0.5 0.5 0.5h16.293l-5.146 5.146c-0.195 0.195-0.195 0.512 0 0.707 0.098 0.098 0.226 0.146 0.354 0.146s0.256-0.049 0.354-0.146l6-6c0.195-0.195 0.195-0.512 0-0.707z\"><\/path><\/svg>\t\t\t\t\t<\/span>\t<\/span><\/a>\t<\/div>\n\t<\/div>\n<\/div>\n\t\t\t\t<\/div>\n\t\t\t\t<\/div>\n\t\t\t\t<\/div>\n\t\t\t\t<\/div>\n\t\t\t\t<\/div>\n\t\t","protected":false},"excerpt":{"rendered":"<p>Liquid Biopsy Molekulare Information direkt aus der Blutprobe Die Liquid Biopsy erm\u00f6glicht eine pr\u00e4zise, nichtinvasive Diagnostik auf Basis zirkulierender Tumor-DNA. Sie liefert entscheidende molekulare Informationen zur Tumorbiologie \u2013 schnell, sicher und patientenschonend. Ob zur Unterst\u00fctzung der\u00a0 Prim\u00e4rdiagnostik, Therapiewahl oder Verlaufskontrolle: CEBIO bietet analytisch valide Liquid-Biopsy-Verfahren, fundierte Auswertung und individuell interpretierbare Ergebnisse \u2013 klinisch relevant und [&hellip;]<\/p>\n","protected":false},"author":1,"featured_media":0,"parent":0,"menu_order":0,"comment_status":"closed","ping_status":"closed","template":"elementor_header_footer","meta":{"footnotes":""},"class_list":["post-10635","page","type-page","status-publish","hentry"],"_links":{"self":[{"href":"https:\/\/cebio-med.de\/en\/wp-json\/wp\/v2\/pages\/10635","targetHints":{"allow":["GET"]}}],"collection":[{"href":"https:\/\/cebio-med.de\/en\/wp-json\/wp\/v2\/pages"}],"about":[{"href":"https:\/\/cebio-med.de\/en\/wp-json\/wp\/v2\/types\/page"}],"author":[{"embeddable":true,"href":"https:\/\/cebio-med.de\/en\/wp-json\/wp\/v2\/users\/1"}],"replies":[{"embeddable":true,"href":"https:\/\/cebio-med.de\/en\/wp-json\/wp\/v2\/comments?post=10635"}],"version-history":[{"count":10,"href":"https:\/\/cebio-med.de\/en\/wp-json\/wp\/v2\/pages\/10635\/revisions"}],"predecessor-version":[{"id":11225,"href":"https:\/\/cebio-med.de\/en\/wp-json\/wp\/v2\/pages\/10635\/revisions\/11225"}],"wp:attachment":[{"href":"https:\/\/cebio-med.de\/en\/wp-json\/wp\/v2\/media?parent=10635"}],"curies":[{"name":"wp","href":"https:\/\/api.w.org\/{rel}","templated":true}]}}