{"id":10423,"date":"2025-09-10T12:00:15","date_gmt":"2025-09-10T10:00:15","guid":{"rendered":"https:\/\/cebio-med.com\/?page_id=10423"},"modified":"2025-11-13T11:24:12","modified_gmt":"2025-11-13T10:24:12","slug":"impressum","status":"publish","type":"page","link":"https:\/\/cebio-med.de\/en\/impressum\/","title":{"rendered":"Imprint"},"content":{"rendered":"<div data-elementor-type=\"wp-page\" data-elementor-id=\"10423\" class=\"elementor elementor-10423\" data-elementor-post-type=\"page\">\n\t\t\t\t<div class=\"elementor-element elementor-element-28718e5 e-grid e-con-full e-con e-parent\" data-id=\"28718e5\" data-element_type=\"container\" data-e-type=\"container\" data-settings=\"{&quot;_ha_eqh_enable&quot;:false}\">\n\t\t<div class=\"elementor-element elementor-element-a0a0588 e-con-full e-flex e-con e-child\" data-id=\"a0a0588\" data-element_type=\"container\" data-e-type=\"container\" data-settings=\"{&quot;_ha_eqh_enable&quot;:false}\">\n\t\t<div class=\"elementor-element elementor-element-2c8175f e-con-full e-flex e-con e-child\" data-id=\"2c8175f\" data-element_type=\"container\" data-e-type=\"container\" data-settings=\"{&quot;_ha_eqh_enable&quot;:false}\">\n\t\t\t\t<div class=\"elementor-element elementor-element-3982ca8 elementor-widget elementor-widget-heading\" data-id=\"3982ca8\" data-element_type=\"widget\" data-e-type=\"widget\" data-widget_type=\"heading.default\">\n\t\t\t\t<div class=\"elementor-widget-container\">\n\t\t\t\t\t<h2 class=\"elementor-heading-title elementor-size-default\">Imprint<\/h2>\t\t\t\t<\/div>\n\t\t\t\t<\/div>\n\t\t\t\t<div class=\"elementor-element elementor-element-7863ab0 elementor-widget elementor-widget-text-editor\" data-id=\"7863ab0\" data-element_type=\"widget\" data-e-type=\"widget\" data-widget_type=\"text-editor.default\">\n\t\t\t\t<div class=\"elementor-widget-container\">\n\t\t\t\t\t\t\t\t\t<p>CEBIO GmbH<br \/>Laplace Stra\u00dfe 23<br \/>81679 M\u00fcnchen<\/p><p>Commercial Register: 235080<br \/>Registration court: Amtsgericht M\u00fcnchen<\/p><p>Represented by: Kirsten Simon<\/p><h5>Contact<\/h5><p>Phone: +49 89 208027-104<br \/>Mail: <a href=\"mailto:info@cebio-med.de\">info@cebio-med.de<\/a><\/p><h5>Office address<\/h5><p>CEBIO GmbH<br \/>\u2013 Center for Evaluation of Biomarkers \u2013<br \/>Nymphenburger Stra\u00dfe 4<br \/>80335 Munich, Germany<\/p>\t\t\t\t\t\t\t\t<\/div>\n\t\t\t\t<\/div>\n\t\t\t\t<\/div>\n\t\t\t\t<\/div>\n\t\t\t\t<div class=\"elementor-element elementor-element-eeb5cc6 elementor-widget elementor-widget-text-editor\" data-id=\"eeb5cc6\" data-element_type=\"widget\" data-e-type=\"widget\" data-widget_type=\"text-editor.default\">\n\t\t\t\t<div class=\"elementor-widget-container\">\n\t\t\t\t\t\t\t\t\t<h5>VAT-ID<\/h5><p>Sales tax identification number according to Sect. 27 a of the Sales Tax Law:<br \/>DE 324658400<\/p><h5>Dispute resolution proceedings in front of a consumer arbitration board<\/h5><p>We are not willing or obliged to participate in dispute resolution proceedings in front of a consumer arbitration board.<\/p><h5>Web-Design: <br \/><strong><a href=\"https:\/\/www.grafikbuero-schmid.de\" target=\"_blank\" rel=\"noopener\">Grafikb\u00fcro Schmid<\/a><\/strong><\/h5>\t\t\t\t\t\t\t\t<\/div>\n\t\t\t\t<\/div>\n\t\t\t\t<\/div>\n\t\t<div class=\"elementor-element elementor-element-bddeecc e-grid e-con-full e-con e-parent\" data-id=\"bddeecc\" data-element_type=\"container\" data-e-type=\"container\" data-settings=\"{&quot;_ha_eqh_enable&quot;:false}\">\n\t\t\t\t<\/div>\n\t\t\t\t<\/div>","protected":false},"excerpt":{"rendered":"<p>Impressum CEBIO GmbHLaplace Stra\u00dfe 2381679 M\u00fcnchen Handelsregister: 235080Registergericht: Amtsgericht M\u00fcnchen Vertreten durch: Kirsten Simon Kontakt Telefon: +49 89 208027-104E-Mail: info@cebio-med.de Postadresse CEBIO GmbH\u2013 Center for Evaluation of Biomarkers \u2013Nymphenburger Stra\u00dfe 480335 M\u00fcnchen Umsatzsteuer-ID Umsatzsteuer-Identifikationsnummer gem\u00e4\u00df \u00a7 27 a Umsatzsteuergesetz:DE 324658400 Verbraucher\u00adstreit\u00adbeilegung\/Universal\u00adschlichtungs\u00adstelle Wir sind nicht bereit oder verpflichtet, an Streitbeilegungsverfahren vor einer Verbraucherschlichtungsstelle teilzunehmen. Web-Design und [&hellip;]<\/p>\n","protected":false},"author":1,"featured_media":0,"parent":0,"menu_order":0,"comment_status":"closed","ping_status":"closed","template":"elementor_theme","meta":{"footnotes":""},"class_list":["post-10423","page","type-page","status-publish","hentry"],"_links":{"self":[{"href":"https:\/\/cebio-med.de\/en\/wp-json\/wp\/v2\/pages\/10423","targetHints":{"allow":["GET"]}}],"collection":[{"href":"https:\/\/cebio-med.de\/en\/wp-json\/wp\/v2\/pages"}],"about":[{"href":"https:\/\/cebio-med.de\/en\/wp-json\/wp\/v2\/types\/page"}],"author":[{"embeddable":true,"href":"https:\/\/cebio-med.de\/en\/wp-json\/wp\/v2\/users\/1"}],"replies":[{"embeddable":true,"href":"https:\/\/cebio-med.de\/en\/wp-json\/wp\/v2\/comments?post=10423"}],"version-history":[{"count":10,"href":"https:\/\/cebio-med.de\/en\/wp-json\/wp\/v2\/pages\/10423\/revisions"}],"predecessor-version":[{"id":11281,"href":"https:\/\/cebio-med.de\/en\/wp-json\/wp\/v2\/pages\/10423\/revisions\/11281"}],"wp:attachment":[{"href":"https:\/\/cebio-med.de\/en\/wp-json\/wp\/v2\/media?parent=10423"}],"curies":[{"name":"wp","href":"https:\/\/api.w.org\/{rel}","templated":true}]}}