{"id":10184,"date":"2025-09-08T13:23:41","date_gmt":"2025-09-08T11:23:41","guid":{"rendered":"http:\/\/cebio-baustelle.de\/?page_id=10184"},"modified":"2025-11-21T10:35:49","modified_gmt":"2025-11-21T09:35:49","slug":"referenzmaterial-fuer-aerzte-labore-und-diagnostikpartner","status":"publish","type":"page","link":"https:\/\/cebio-med.de\/en\/referenzmaterialien\/referenzmaterial-fuer-aerzte-labore-und-diagnostikpartner\/","title":{"rendered":"Technical Information \u2013 For Physicians, Laboratories, and Diagnostics Partners"},"content":{"rendered":"<div data-elementor-type=\"wp-page\" data-elementor-id=\"10184\" class=\"elementor elementor-10184\" data-elementor-post-type=\"page\">\n\t\t\t\t<div class=\"elementor-element elementor-element-7f65848 e-flex e-con-boxed e-con e-parent\" data-id=\"7f65848\" data-element_type=\"container\" data-e-type=\"container\" data-settings=\"{&quot;_ha_eqh_enable&quot;:false}\">\n\t\t\t\t\t<div class=\"e-con-inner\">\n\t\t\t\t<div class=\"elementor-element elementor-element-977f2f7 elementor-widget elementor-widget-heading\" data-id=\"977f2f7\" data-element_type=\"widget\" data-e-type=\"widget\" data-widget_type=\"heading.default\">\n\t\t\t\t<div class=\"elementor-widget-container\">\n\t\t\t\t\t<h1 class=\"elementor-heading-title elementor-size-default\">Reference Materials \u2013 The Foundation for Reliable Diagnostics<\/h1>\t\t\t\t<\/div>\n\t\t\t\t<\/div>\n\t\t\t\t<div class=\"elementor-element elementor-element-5d81b57 elementor-widget elementor-widget-text-editor\" data-id=\"5d81b57\" data-element_type=\"widget\" data-e-type=\"widget\" data-widget_type=\"text-editor.default\">\n\t\t\t\t<div class=\"elementor-widget-container\">\n\t\t\t\t\t\t\t\t\t<p><strong>Standardized. Reproducible. Comparable.<\/strong><br \/>Our cfDNA reference materials enable standardized verification of analytical procedures, validation of diagnostic tests, and reliable interpretation of results. Particularly in highly sensitive applications such as liquid biopsy, they are essential for accurately assessing performance characteristics such as sensitivity, specificity, detection limits, and reproducibility under practical conditions. As stable, biologically relevant control samples, they ensure the comparability of diagnostic processes across time, laboratories, and methods.<\/p>\t\t\t\t\t\t\t\t<\/div>\n\t\t\t\t<\/div>\n\t\t\t\t<div class=\"elementor-element elementor-element-5785ddd elementor-widget elementor-widget-heading\" data-id=\"5785ddd\" data-element_type=\"widget\" data-e-type=\"widget\" data-widget_type=\"heading.default\">\n\t\t\t\t<div class=\"elementor-widget-container\">\n\t\t\t\t\t<h3 class=\"elementor-heading-title elementor-size-default\">Validation and Method Comparison in Collaboration with QuoData<\/h3>\t\t\t\t<\/div>\n\t\t\t\t<\/div>\n\t\t\t\t<div class=\"elementor-element elementor-element-bc1dfe5 elementor-widget elementor-widget-text-editor\" data-id=\"bc1dfe5\" data-element_type=\"widget\" data-e-type=\"widget\" data-widget_type=\"text-editor.default\">\n\t\t\t\t<div class=\"elementor-widget-container\">\n\t\t\t\t\t\t\t\t\t<p>CEBIO collaborates with its partner QuoData in conducting interlaboratory comparisons. This innovative study concept was developed by QuoData in cooperation with the U.S. FDA. Regularly performed interlaboratory comparisons serve both the validation and comparison of different methods and assays as well as the assessment of laboratory performance and conformity.\nAll interlaboratory comparisons are based on wild-type materials that reflect the natural variability of samples under real laboratory conditions.<\/p><p>Do you operate a liquid biopsy laboratory?<\/p><p>You are warmly invited to participate in our interlaboratory comparisons for a small participation fee.<\/p><p>\u00a0<\/p>\t\t\t\t\t\t\t\t<\/div>\n\t\t\t\t<\/div>\n\t\t\t\t<div class=\"elementor-element elementor-element-542be13 elementor-widget elementor-widget-heading\" data-id=\"542be13\" data-element_type=\"widget\" data-e-type=\"widget\" data-widget_type=\"heading.default\">\n\t\t\t\t<div class=\"elementor-widget-container\">\n\t\t\t\t\t<h3 class=\"elementor-heading-title elementor-size-default\">CEBIO develops cell line\u2013based cfDNA reference materials \u2014 standardized and practice-oriented.<\/h3>\t\t\t\t<\/div>\n\t\t\t\t<\/div>\n\t\t\t\t<div class=\"elementor-element elementor-element-d6d7ef6 elementor-widget elementor-widget-text-editor\" data-id=\"d6d7ef6\" data-element_type=\"widget\" data-e-type=\"widget\" data-widget_type=\"text-editor.default\">\n\t\t\t\t<div class=\"elementor-widget-container\">\n\t\t\t\t\t\t\t\t\t<p>In cooperation with specialized partners, CEBIO produces high-quality, cell-based reference materials for circulating free DNA (cfDNA). These materials are tailored to the requirements of modern liquid biopsy applications \u2014 from method development and validation processes to routine quality assurance.<\/p><p>Production is based on defined human cell lines. Both wild-type and tumor-specific cfDNA reference materials are generated, featuring authentic biological and molecular characteristics.<\/p><p><br \/><strong>Quality Characterization Includes:<\/strong><\/p><ul><li>Fluorometric quantification<\/li><li>Fragment size analysis via Bioanalyzer 2100 and TapeStation<\/li><li>dPCR and NGS for mutation analyses (e.g., SNVs)<\/li><li>Homogeneity and stability testing<\/li><\/ul><p><strong>Applications and Diagnostic Utility<\/strong><\/p><p>CEBIO reference materials are used for:<\/p><ul><li>Development and validation of new liquid biopsy assays<\/li><li>Quality assurance in routine laboratory practice<\/li><li>External quality assessment (ring trials)<\/li><li>Device and platform comparisons<\/li><li>Studies of detection limits, specificity, and robustness of molecular assays<\/li><\/ul><p><strong>Key Advantages for Research and Diagnostics at a Glance<\/strong><\/p><ul><li><strong>Biological authenticity<\/strong> \u2013 cfDNA with realistic fragment size distributions, derived from cultured tumor cell lines<\/li><li><strong>Standardization<\/strong> \u2013 production according to defined protocols<\/li><li><strong>Reproducibility<\/strong> \u2013 consistent results, ideal for longitudinal and multi-center studies<\/li><li><strong>Stability &amp; practical applicability <\/strong>\u2013 tested under real transport, storage, and application conditions<\/li><li><strong>Flexibility<\/strong> \u2013 customized variants with specific SNVs<\/li><\/ul>\t\t\t\t\t\t\t\t<\/div>\n\t\t\t\t<\/div>\n\t\t\t\t<div class=\"elementor-element elementor-element-889a9da elementor-widget elementor-widget-heading\" data-id=\"889a9da\" data-element_type=\"widget\" data-e-type=\"widget\" data-widget_type=\"heading.default\">\n\t\t\t\t<div class=\"elementor-widget-container\">\n\t\t\t\t\t<h3 class=\"elementor-heading-title elementor-size-default\">Overall Benefits at a Glance<\/h3>\t\t\t\t<\/div>\n\t\t\t\t<\/div>\n\t\t\t\t<div class=\"elementor-element elementor-element-3dbe64b elementor-widget elementor-widget-text-editor\" data-id=\"3dbe64b\" data-element_type=\"widget\" data-e-type=\"widget\" data-widget_type=\"text-editor.default\">\n\t\t\t\t<div class=\"elementor-widget-container\">\n\t\t\t\t\t\t\t\t\t<table>\n<thead>\n<tr>\n<td><strong>Benefit<\/strong><\/td>\n<td><strong>Description<\/strong><\/td>\n<\/tr>\n<\/thead>\n<tbody>\n<tr>\n<td><strong>Biological authenticity<\/strong><\/td>\n<td>cfDNA from tumor cell lines with natural fragment sizes and signatures<\/td>\n<\/tr>\n<tr>\n<td><strong>Reproducibility<\/strong><\/td>\n<td>Standardized materials enable consistent results, even in long-term and multi-center studies<\/td>\n<\/tr>\n<tr>\n<td><strong>Flexible customization<\/strong><\/td>\n<td>Tailored variants for optimizing specific research questions<\/td>\n<\/tr>\n<tr>\n<td><strong>Innovative diversity<\/strong><\/td>\n<td>Different fragmentation patterns and mutation profiles<\/td>\n<\/tr>\n<tr>\n<td><strong>Efficiency &amp; scalability<\/strong><\/td>\n<td>Processes designed for both small-scale research and larger routine applications<\/td>\n<\/tr>\n<\/tbody>\n<\/table>\t\t\t\t\t\t\t\t<\/div>\n\t\t\t\t<\/div>\n\t\t\t\t\t<\/div>\n\t\t\t\t<\/div>\n\t\t<div class=\"elementor-element elementor-element-e394238 e-flex e-con-boxed e-con e-parent\" data-id=\"e394238\" data-element_type=\"container\" data-e-type=\"container\" data-settings=\"{&quot;_ha_eqh_enable&quot;:false}\">\n\t\t\t\t\t<div class=\"e-con-inner\">\n\t\t<div class=\"elementor-element elementor-element-8d32b02 e-con-full e-flex e-con e-child\" data-id=\"8d32b02\" data-element_type=\"container\" data-e-type=\"container\" data-settings=\"{&quot;_ha_eqh_enable&quot;:false}\">\n\t\t\t\t<div class=\"elementor-element elementor-element-39f5811 elementor-widget elementor-widget-heading\" data-id=\"39f5811\" data-element_type=\"widget\" data-e-type=\"widget\" data-widget_type=\"heading.default\">\n\t\t\t\t<div class=\"elementor-widget-container\">\n\t\t\t\t\t<h2 class=\"elementor-heading-title elementor-size-default\">Why CEBIO?<\/h2>\t\t\t\t<\/div>\n\t\t\t\t<\/div>\n\t\t\t\t<div class=\"elementor-element elementor-element-541b0c4 elementor-widget elementor-widget-text-editor\" data-id=\"541b0c4\" data-element_type=\"widget\" data-e-type=\"widget\" data-widget_type=\"text-editor.default\">\n\t\t\t\t<div class=\"elementor-widget-container\">\n\t\t\t\t\t\t\t\t\t<p>CEBIO combines extensive experience in the production of cell-based cfDNA reference materials with deep methodological expertise in validation, clinical relevance assessment, and quality assurance. Our products provide a reliable foundation for research, diagnostics, and innovative liquid biopsy applications.\nWe work closely with QuoData, whose expertise in statistics, ring trial design, and methodological evaluation makes a key contribution to the quality and reproducibility of our materials.<\/p><p class=\"translation-block\">We work closely with QuoData, whose expertise in statistics, ring trial design, and methodological evaluation makes a key contribution to the quality and reproducibility of our materials.<\/p><h3><strong>Reference Materials for Liquid Biopsy \u2013 Consultation &amp; Distribution<\/strong><\/h3><p><strong>Do you need reference materials for the validation of your liquid biopsy assays or are you looking for a customized solution?<\/strong><br \/>Our experts will be happy to advise you personally and support you in selecting suitable products as well as in individual customization.<\/p><p>Unsere Produkte sind \u00fcber unseren Vertriebspartner <a href=\"https:\/\/liquid-biopsy.new-diagnostics.com\/product-overview?cat=standard-cfdna-reference-materials\" target=\"_blank\" rel=\"noopener\">new_diagnostics<\/a> erh\u00e4ltlich, der Sie auch bei Bestellung, Lieferung und technischen R\u00fcckfragen kompetent begleitet:<\/p>\t\t\t\t\t\t\t\t<\/div>\n\t\t\t\t<\/div>\n\t\t\t\t<div class=\"elementor-element elementor-element-94890c8 elementor-widget elementor-widget-button\" data-id=\"94890c8\" data-element_type=\"widget\" data-e-type=\"widget\" data-widget_type=\"button.default\">\n\t\t\t\t<div class=\"elementor-widget-container\">\n\t\t\t\t\t\t\t\t\t<div class=\"elementor-button-wrapper\">\n\t\t\t\t\t<a class=\"elementor-button elementor-button-link elementor-size-sm\" href=\"https:\/\/liquid-biopsy.new-diagnostics.com\/product-overview?cat=standard-cfdna-reference-materials\" target=\"_blank\">\n\t\t\t\t\t\t<span class=\"elementor-button-content-wrapper\">\n\t\t\t\t\t\t\t\t\t<span class=\"elementor-button-text\">new_diagnostics<\/span>\n\t\t\t\t\t<\/span>\n\t\t\t\t\t<\/a>\n\t\t\t\t<\/div>\n\t\t\t\t\t\t\t\t<\/div>\n\t\t\t\t<\/div>\n\t\t\t\t<\/div>\n\t\t<div class=\"elementor-element elementor-element-8783c70 e-con-full e-flex e-con e-child\" data-id=\"8783c70\" data-element_type=\"container\" data-e-type=\"container\" data-settings=\"{&quot;background_background&quot;:&quot;classic&quot;,&quot;_ha_eqh_enable&quot;:false}\">\n\t\t\t\t<div class=\"elementor-element elementor-element-281db4d elementor-widget elementor-widget-heading\" data-id=\"281db4d\" data-element_type=\"widget\" data-e-type=\"widget\" data-widget_type=\"heading.default\">\n\t\t\t\t<div class=\"elementor-widget-container\">\n\t\t\t\t\t<h2 class=\"elementor-heading-title elementor-size-default\">In Summary<\/h2>\t\t\t\t<\/div>\n\t\t\t\t<\/div>\n\t\t\t\t<div class=\"elementor-element elementor-element-fa69c9a elementor-widget elementor-widget-text-editor\" data-id=\"fa69c9a\" data-element_type=\"widget\" data-e-type=\"widget\" data-widget_type=\"text-editor.default\">\n\t\t\t\t<div class=\"elementor-widget-container\">\n\t\t\t\t\t\t\t\t\t<p>CEBIO combines extensive experience in the production of cell-based cfDNA reference materials with deep methodological expertise in validation, clinical relevance assessment, and quality assurance. Our products provide a reliable foundation for research, diagnostics, and innovative liquid biopsy applications.<\/p>\t\t\t\t\t\t\t\t<\/div>\n\t\t\t\t<\/div>\n\t\t\t\t<div class=\"elementor-element elementor-element-3ba9564 elementor-icon-list--layout-traditional elementor-list-item-link-full_width elementor-widget elementor-widget-global elementor-global-10579 elementor-widget-icon-list\" data-id=\"3ba9564\" data-element_type=\"widget\" data-e-type=\"widget\" data-widget_type=\"icon-list.default\">\n\t\t\t\t<div class=\"elementor-widget-container\">\n\t\t\t\t\t\t\t<ul class=\"elementor-icon-list-items\">\n\t\t\t\t\t\t\t<li class=\"elementor-icon-list-item\">\n\t\t\t\t\t\t\t\t\t\t\t<a href=\"mailto:service@cebio-med.de\">\n\n\t\t\t\t\t\t\t\t\t\t\t\t<span class=\"elementor-icon-list-icon\">\n\t\t\t\t\t\t\t<svg aria-hidden=\"true\" class=\"e-font-icon-svg e-far-envelope\" viewbox=\"0 0 512 512\" xmlns=\"http:\/\/www.w3.org\/2000\/svg\"><path d=\"M464 64H48C21.49 64 0 85.49 0 112v288c0 26.51 21.49 48 48 48h416c26.51 0 48-21.49 48-48V112c0-26.51-21.49-48-48-48zm0 48v40.805c-22.422 18.259-58.168 46.651-134.587 106.49-16.841 13.247-50.201 45.072-73.413 44.701-23.208.375-56.579-31.459-73.413-44.701C106.18 199.465 70.425 171.067 48 152.805V112h416zM48 400V214.398c22.914 18.251 55.409 43.862 104.938 82.646 21.857 17.205 60.134 55.186 103.062 54.955 42.717.231 80.509-37.199 103.053-54.947 49.528-38.783 82.032-64.401 104.947-82.653V400H48z\"><\/path><\/svg>\t\t\t\t\t\t<\/span>\n\t\t\t\t\t\t\t\t\t\t<span class=\"elementor-icon-list-text\">service@cebio-med.de<\/span>\n\t\t\t\t\t\t\t\t\t\t\t<\/a>\n\t\t\t\t\t\t\t\t\t<\/li>\n\t\t\t\t\t\t\t\t<li class=\"elementor-icon-list-item\">\n\t\t\t\t\t\t\t\t\t\t\t<a href=\"tel:+4989208027104\">\n\n\t\t\t\t\t\t\t\t\t\t\t\t<span class=\"elementor-icon-list-icon\">\n\t\t\t\t\t\t\t<svg aria-hidden=\"true\" class=\"e-font-icon-svg e-fas-mobile-alt\" viewbox=\"0 0 320 512\" xmlns=\"http:\/\/www.w3.org\/2000\/svg\"><path d=\"M272 0H48C21.5 0 0 21.5 0 48v416c0 26.5 21.5 48 48 48h224c26.5 0 48-21.5 48-48V48c0-26.5-21.5-48-48-48zM160 480c-17.7 0-32-14.3-32-32s14.3-32 32-32 32 14.3 32 32-14.3 32-32 32zm112-108c0 6.6-5.4 12-12 12H60c-6.6 0-12-5.4-12-12V60c0-6.6 5.4-12 12-12h200c6.6 0 12 5.4 12 12v312z\"><\/path><\/svg>\t\t\t\t\t\t<\/span>\n\t\t\t\t\t\t\t\t\t\t<span class=\"elementor-icon-list-text\">+49 (0)89-208027-104<\/span>\n\t\t\t\t\t\t\t\t\t\t\t<\/a>\n\t\t\t\t\t\t\t\t\t<\/li>\n\t\t\t\t\t\t<\/ul>\n\t\t\t\t\t\t<\/div>\n\t\t\t\t<\/div>\n\t\t\t\t<\/div>\n\t\t\t\t\t<\/div>\n\t\t\t\t<\/div>\n\t\t<div class=\"elementor-element elementor-element-78f4a08 e-flex e-con-boxed e-con e-parent\" data-id=\"78f4a08\" data-element_type=\"container\" data-e-type=\"container\" data-settings=\"{&quot;_ha_eqh_enable&quot;:false}\">\n\t\t\t\t\t<div class=\"e-con-inner\">\n\t\t\t\t<div class=\"elementor-element elementor-element-10579 elementor-icon-list--layout-traditional elementor-list-item-link-full_width elementor-widget elementor-widget-global elementor-global-10579 elementor-widget-icon-list\" data-id=\"10579\" data-element_type=\"widget\" data-e-type=\"widget\" data-widget_type=\"icon-list.default\">\n\t\t\t\t<div class=\"elementor-widget-container\">\n\t\t\t\t\t\t\t<ul class=\"elementor-icon-list-items\">\n\t\t\t\t\t\t\t<li class=\"elementor-icon-list-item\">\n\t\t\t\t\t\t\t\t\t\t\t<a href=\"mailto:service@cebio-med.de\">\n\n\t\t\t\t\t\t\t\t\t\t\t\t<span class=\"elementor-icon-list-icon\">\n\t\t\t\t\t\t\t<svg aria-hidden=\"true\" class=\"e-font-icon-svg e-far-envelope\" viewbox=\"0 0 512 512\" xmlns=\"http:\/\/www.w3.org\/2000\/svg\"><path d=\"M464 64H48C21.49 64 0 85.49 0 112v288c0 26.51 21.49 48 48 48h416c26.51 0 48-21.49 48-48V112c0-26.51-21.49-48-48-48zm0 48v40.805c-22.422 18.259-58.168 46.651-134.587 106.49-16.841 13.247-50.201 45.072-73.413 44.701-23.208.375-56.579-31.459-73.413-44.701C106.18 199.465 70.425 171.067 48 152.805V112h416zM48 400V214.398c22.914 18.251 55.409 43.862 104.938 82.646 21.857 17.205 60.134 55.186 103.062 54.955 42.717.231 80.509-37.199 103.053-54.947 49.528-38.783 82.032-64.401 104.947-82.653V400H48z\"><\/path><\/svg>\t\t\t\t\t\t<\/span>\n\t\t\t\t\t\t\t\t\t\t<span class=\"elementor-icon-list-text\">service@cebio-med.de<\/span>\n\t\t\t\t\t\t\t\t\t\t\t<\/a>\n\t\t\t\t\t\t\t\t\t<\/li>\n\t\t\t\t\t\t\t\t<li class=\"elementor-icon-list-item\">\n\t\t\t\t\t\t\t\t\t\t\t<a href=\"tel:+4989208027104\">\n\n\t\t\t\t\t\t\t\t\t\t\t\t<span class=\"elementor-icon-list-icon\">\n\t\t\t\t\t\t\t<svg aria-hidden=\"true\" class=\"e-font-icon-svg e-fas-mobile-alt\" viewbox=\"0 0 320 512\" xmlns=\"http:\/\/www.w3.org\/2000\/svg\"><path d=\"M272 0H48C21.5 0 0 21.5 0 48v416c0 26.5 21.5 48 48 48h224c26.5 0 48-21.5 48-48V48c0-26.5-21.5-48-48-48zM160 480c-17.7 0-32-14.3-32-32s14.3-32 32-32 32 14.3 32 32-14.3 32-32 32zm112-108c0 6.6-5.4 12-12 12H60c-6.6 0-12-5.4-12-12V60c0-6.6 5.4-12 12-12h200c6.6 0 12 5.4 12 12v312z\"><\/path><\/svg>\t\t\t\t\t\t<\/span>\n\t\t\t\t\t\t\t\t\t\t<span class=\"elementor-icon-list-text\">+49 (0)89-208027-104<\/span>\n\t\t\t\t\t\t\t\t\t\t\t<\/a>\n\t\t\t\t\t\t\t\t\t<\/li>\n\t\t\t\t\t\t<\/ul>\n\t\t\t\t\t\t<\/div>\n\t\t\t\t<\/div>\n\t\t\t\t\t<\/div>\n\t\t\t\t<\/div>\n\t\t\t\t<\/div>","protected":false},"excerpt":{"rendered":"<p>Referenzmaterialien \u2013 Die Basis f\u00fcr zuverl\u00e4ssige Diagnostik Standardisiert. Reproduzierbar. Vergleichbar.Sie erm\u00f6glichen die standardisierte \u00dcberpr\u00fcfung analytischer Verfahren, die Validierung diagnostischer Tests und eine belastbare Interpretation der Ergebnisse. Besonders bei hochsensitiven Anwendungen wie der Liquid Biopsy sind sie essenziell, um Leistungsmerkmale wie Sensitivit\u00e4t, Spezifit\u00e4t, Nachweisgrenzen und Reproduzierbarkeit unter praxisnahen Bedingungen zuverl\u00e4ssig zu bewerten. Als stabile, biologisch relevante [&hellip;]<\/p>\n","protected":false},"author":1,"featured_media":0,"parent":10167,"menu_order":0,"comment_status":"closed","ping_status":"closed","template":"","meta":{"footnotes":""},"class_list":["post-10184","page","type-page","status-publish","hentry"],"_links":{"self":[{"href":"https:\/\/cebio-med.de\/en\/wp-json\/wp\/v2\/pages\/10184","targetHints":{"allow":["GET"]}}],"collection":[{"href":"https:\/\/cebio-med.de\/en\/wp-json\/wp\/v2\/pages"}],"about":[{"href":"https:\/\/cebio-med.de\/en\/wp-json\/wp\/v2\/types\/page"}],"author":[{"embeddable":true,"href":"https:\/\/cebio-med.de\/en\/wp-json\/wp\/v2\/users\/1"}],"replies":[{"embeddable":true,"href":"https:\/\/cebio-med.de\/en\/wp-json\/wp\/v2\/comments?post=10184"}],"version-history":[{"count":10,"href":"https:\/\/cebio-med.de\/en\/wp-json\/wp\/v2\/pages\/10184\/revisions"}],"predecessor-version":[{"id":11328,"href":"https:\/\/cebio-med.de\/en\/wp-json\/wp\/v2\/pages\/10184\/revisions\/11328"}],"up":[{"embeddable":true,"href":"https:\/\/cebio-med.de\/en\/wp-json\/wp\/v2\/pages\/10167"}],"wp:attachment":[{"href":"https:\/\/cebio-med.de\/en\/wp-json\/wp\/v2\/media?parent=10184"}],"curies":[{"name":"wp","href":"https:\/\/api.w.org\/{rel}","templated":true}]}}