{"id":10012,"date":"2025-08-29T14:28:35","date_gmt":"2025-08-29T12:28:35","guid":{"rendered":"https:\/\/www.cebio-med.com\/?page_id=10012"},"modified":"2025-10-12T11:56:47","modified_gmt":"2025-10-12T09:56:47","slug":"portfolio","status":"publish","type":"page","link":"https:\/\/cebio-med.de\/en\/portfolio\/","title":{"rendered":"Portfolio"},"content":{"rendered":"\t\t<div data-elementor-type=\"wp-page\" data-elementor-id=\"10012\" class=\"elementor elementor-10012\" data-elementor-post-type=\"page\">\n\t\t\t\t<div class=\"elementor-element elementor-element-0cab8cd e-flex e-con-boxed e-con e-parent\" data-id=\"0cab8cd\" data-element_type=\"container\" data-e-type=\"container\" data-settings=\"{&quot;background_background&quot;:&quot;classic&quot;,&quot;_ha_eqh_enable&quot;:false}\">\n\t\t\t\t\t<div class=\"e-con-inner\">\n\t\t<div class=\"elementor-element elementor-element-626b507 e-con-full e-flex e-con e-child\" data-id=\"626b507\" data-element_type=\"container\" data-e-type=\"container\" data-settings=\"{&quot;_ha_eqh_enable&quot;:false}\">\n\t\t\t\t<div class=\"elementor-element elementor-element-c3c2fb7 elementor-widget elementor-widget-heading\" data-id=\"c3c2fb7\" data-element_type=\"widget\" data-e-type=\"widget\" data-widget_type=\"heading.default\">\n\t\t\t\t<div class=\"elementor-widget-container\">\n\t\t\t\t\t<h1 class=\"elementor-heading-title elementor-size-default\">Unser Portfolio<\/h1>\t\t\t\t<\/div>\n\t\t\t\t<\/div>\n\t\t\t\t<div class=\"elementor-element elementor-element-3c58dde elementor-widget elementor-widget-heading\" data-id=\"3c58dde\" data-element_type=\"widget\" data-e-type=\"widget\" data-widget_type=\"heading.default\">\n\t\t\t\t<div class=\"elementor-widget-container\">\n\t\t\t\t\t<h2 class=\"elementor-heading-title elementor-size-default\">Unsere langj\u00e4hrige Erfahrung in statistischer Methodik, Qualit\u00e4tssicherung und der Entwicklung analytischer Bewertungsverfahren macht uns zu einem verl\u00e4sslichen Partner f\u00fcr anspruchsvolle Forschungs- und Validierungsprojekte.<\/h2>\t\t\t\t<\/div>\n\t\t\t\t<\/div>\n\t\t\t\t<\/div>\n\t\t\t\t\t<\/div>\n\t\t\t\t<\/div>\n\t\t\t\t<section class=\"elementor-section elementor-top-section elementor-element elementor-element-20acd0e7 elementor-section-full_width qodef-elementor-content-grid elementor-section-height-default elementor-section-height-default\" data-id=\"20acd0e7\" data-element_type=\"section\" data-e-type=\"section\" data-settings=\"{&quot;background_background&quot;:&quot;gradient&quot;,&quot;_ha_eqh_enable&quot;:&quot;yes&quot;,&quot;_ha_eqh_widget&quot;:[&quot;qi_addons_for_elementor_icon_with_text&quot;],&quot;_ha_eqh_to&quot;:&quot;widget&quot;,&quot;_ha_eqh_disable_on_tablet&quot;:&quot;no&quot;,&quot;_ha_eqh_disable_on_mobile&quot;:&quot;yes&quot;}\">\n\t\t\t\t\t\t\t<div class=\"elementor-background-overlay\"><\/div>\n\t\t\t\t\t\t\t<div class=\"elementor-container elementor-column-gap-no\">\n\t\t\t\t\t<div class=\"elementor-column elementor-col-33 elementor-top-column elementor-element elementor-element-4447ce6e qodef-custom-shadow\" data-id=\"4447ce6e\" data-element_type=\"column\" data-e-type=\"column\">\n\t\t\t<div class=\"elementor-widget-wrap elementor-element-populated\">\n\t\t\t\t\t\t<div class=\"elementor-element elementor-element-18aacee4 elementor-widget elementor-widget-qi_addons_for_elementor_icon_with_text\" data-id=\"18aacee4\" data-element_type=\"widget\" data-e-type=\"widget\" data-widget_type=\"qi_addons_for_elementor_icon_with_text.default\">\n\t\t\t\t<div class=\"elementor-widget-container\">\n\t\t\t\t\t<div class=\"qodef-shortcode qodef-m qodef-qi-icon-with-text qodef-layout--top qodef-qi--has-appear qodef--appear-from-bottom qodef--custom-icon qodef-alignment--left\" >\n\t\t\t<div class=\"qodef-m-icon-wrapper\">\n\t\t\t\t<a itemprop=\"url\" href=\"\/liquid-biopsy\/\" target=\"_self\">\n\t<div class=\"qodef-m-icon-holder\">\n\t\t<svg xmlns=\"http:\/\/www.w3.org\/2000\/svg\" xmlns:xlink=\"http:\/\/www.w3.org\/1999\/xlink\" width=\"512\" height=\"512\" x=\"0\" y=\"0\" viewBox=\"0 0 512 512\" style=\"enable-background:new 0 0 512 512\" xml:space=\"preserve\">  <g>    <linearGradient id=\"a\" x1=\"-33.163\" x2=\"365.976\" y1=\"428.793\" y2=\"29.654\" gradientUnits=\"userSpaceOnUse\">      <stop stop-opacity=\"1\" stop-color=\"#0bcbc4\" offset=\"0\"><\/stop>      <stop stop-opacity=\"1\" stop-color=\"#269af3\" offset=\"0.996\"><\/stop>    <\/linearGradient>    <path fill=\"url(#a)\" d=\"M46.72 505.993a6.477 6.477 0 0 0 6.477-6.477v-23.897h172.867v23.897a6.477 6.477 0 1 0 12.954 0V463.64c0-42.634-27.427-80.584-67.829-94.166 34.082-17.254 58.403-61.588 58.403-113.444 0-43.994-19.306-93.702-58.391-113.509 40.369-13.576 67.817-51.511 67.817-94.161V12.483a6.477 6.477 0 1 0-12.954 0v23.88H53.197v-23.88c0-3.577-2.899-6.477-6.477-6.477s-6.477 2.899-6.477 6.477V48.36c0 42.492 27.306 80.54 67.814 94.162C68.975 162.33 49.67 212.037 49.67 256.03c0 12.561 1.417 24.942 4.21 36.802.82 3.479 4.326 5.634 7.787 4.819a6.476 6.476 0 0 0 4.822-7.79c-.178-.755-.302-1.53-.468-2.29h147.258c-2.981 13.716-7.839 26.29-14.174 37.106H80.231c-.8-1.361-1.592-2.733-2.347-4.154a6.473 6.473 0 0 0-8.758-2.677 6.476 6.476 0 0 0-2.677 8.758c10.498 19.751 25.09 34.535 41.617 42.869-40.215 13.52-67.821 51.381-67.821 94.165v35.876a6.475 6.475 0 0 0 6.475 6.479zm15.027-79.587h155.766c5.289 11.016 8.356 23.28 8.501 36.261H53.246c.146-12.981 3.212-25.245 8.501-36.261zM80.17 187.303h118.919c6.346 10.835 11.21 23.436 14.194 37.182H65.977c2.984-13.745 7.847-26.346 14.193-37.182zM53.245 49.316h172.77c-.143 12.981-3.208 25.246-8.495 36.263H61.74c-5.287-11.017-8.352-23.282-8.495-36.263zm16.139 49.216h140.492c-15.694 21.91-41.3 36.263-70.249 36.263-28.945.001-54.549-14.352-70.243-36.263zm70.244 49.217c19.277 0 36.877 10.082 50.4 26.602H89.23c13.522-16.52 31.121-26.602 50.398-26.602zM63.798 274.62a150.854 150.854 0 0 1-1.175-18.59c0-6.35.469-12.538 1.219-18.592h151.577c.749 6.054 1.219 12.242 1.219 18.592s-.469 12.537-1.22 18.59zm25.46 63.012h100.786c-13.525 16.52-31.131 26.604-50.416 26.604-18.544 0-36.458-9.693-50.37-26.604zm50.37 39.572c28.942 0 54.541 14.347 70.237 36.248H69.395c15.696-21.901 41.294-36.248 70.233-36.248zM359.971 77.299c-61.638 0-111.786 40.139-111.786 89.474 0 16.351 5.51 32.266 15.953 46.158-.799 3.491-4.341 13.148-13.859 32.671-1.741 3.575-.941 7.774 1.994 10.448 2.937 2.682 7.192 3.086 10.585 1.032 20.583-12.47 30.551-16.285 33.496-16.687 18.721 10.373 40.696 15.852 63.617 15.852 61.638 0 111.786-40.139 111.786-89.474s-50.148-89.474-111.786-89.474zm0 165.996c-21.059 0-41.161-5.075-58.137-14.676-1.032-.587-2.287-1.295-4.67-1.295-4.326 0-12.361 2.333-29.554 11.974 12.442-27.082 10.266-29.832 7.979-32.727-9.452-11.969-14.451-25.731-14.451-39.798 0-42.193 44.334-76.521 98.833-76.521s98.833 34.328 98.833 76.521-44.334 76.522-98.833 76.522zm-54.418-108.259a6.477 6.477 0 0 1 6.477-6.477h95.883a6.477 6.477 0 1 1 0 12.954H312.03a6.477 6.477 0 0 1-6.477-6.477zm126.322 30.121a6.477 6.477 0 0 1-6.477 6.477H294.543a6.477 6.477 0 1 1 0-12.954h130.856c3.577 0 6.476 2.9 6.476 6.477zm-17.486 30.121a6.477 6.477 0 0 1-6.477 6.477h-95.883c-3.577 0-6.477-2.899-6.477-6.477s2.899-6.477 6.477-6.477h95.883a6.477 6.477 0 0 1 6.477 6.477z\" opacity=\"1\" data-original=\"url(#a)\"><\/path>  <\/g><\/svg>\t<\/div>\n\t<\/a>\n\t\t<\/div>\n\t\t<div class=\"qodef-m-content\">\n\t\t\t<div class=\"qodef-m-separator qodef-qi-clear\">\n\t\t<div class=\"qodef-shortcode qodef-m qodef-qi-separator qodef-qi-clear qodef-separator--standard\">\t<div class=\"qodef-m-line\"><\/div><\/div>\t<\/div>\n\t\t\t<h3 class=\"qodef-m-title\">\n\t\t\t\t\t<a itemprop=\"url\" href=\"\/liquid-biopsy\/\" target=\"_self\">\n\t\t\t\t\t<span class=\"qodef-m-title-text\">Liquid Biopsy<\/span>\n\t\t\t\t\t<\/a>\n\t\t\t<\/h3>\n\t\t\t<div class=\"qodef-m-text\"><p><strong>Personalisierte Tumordiagnostik aus der Blutprobe \u2013 schnell, schonend, pr\u00e4zise.<\/strong><br \/>Mit hochempfindlichen Methoden analysieren wir zirkulierende Tumor-DNA im Plasma \u2013 zur Prim\u00e4rdiagnostik, Therapieentscheidung oder Verlaufskontrolle.<\/p><\/div>\n\t\t\t<div class=\"qodef-m-button qodef-qi-clear\">\n\t\t<a class=\"qodef-shortcode qodef-m qodef-qi-button qodef-html--link qodef-layout--textual qodef-type--standard qodef-icon--right qodef-hover--icon-move-horizontal-short qodef-text-underline qodef-underline--left\" href=\"\/liquid-biopsy\/\" target=\"_self\">\t<span class=\"qodef-m-text\">mehr<\/span>\t\t<span class=\"qodef-m-icon qodef--icon-color-set\">\t\t<span class=\"qodef-m-icon-inner\">\t\t\t<svg xmlns=\"http:\/\/www.w3.org\/2000\/svg\" xmlns:xlink=\"http:\/\/www.w3.org\/1999\/xlink\" width=\"20\" height=\"20\" viewBox=\"0 0 20 20\"><path fill=\"#000000\" d=\"M19.354 10.146l-6-6c-0.195-0.195-0.512-0.195-0.707 0s-0.195 0.512 0 0.707l5.146 5.146h-16.293c-0.276 0-0.5 0.224-0.5 0.5s0.224 0.5 0.5 0.5h16.293l-5.146 5.146c-0.195 0.195-0.195 0.512 0 0.707 0.098 0.098 0.226 0.146 0.354 0.146s0.256-0.049 0.354-0.146l6-6c0.195-0.195 0.195-0.512 0-0.707z\"><\/path><\/svg>\t\t\t\t\t<\/span>\t<\/span><\/a>\t<\/div>\n\t<\/div>\n<\/div>\n\t\t\t\t<\/div>\n\t\t\t\t<\/div>\n\t\t\t\t\t<\/div>\n\t\t<\/div>\n\t\t\t\t<div class=\"elementor-column elementor-col-33 elementor-top-column elementor-element elementor-element-6426fa08 qodef-custom-shadow\" data-id=\"6426fa08\" data-element_type=\"column\" data-e-type=\"column\">\n\t\t\t<div class=\"elementor-widget-wrap elementor-element-populated\">\n\t\t\t\t\t\t<div class=\"elementor-element elementor-element-61be4a36 elementor-widget elementor-widget-qi_addons_for_elementor_icon_with_text\" data-id=\"61be4a36\" data-element_type=\"widget\" data-e-type=\"widget\" data-widget_type=\"qi_addons_for_elementor_icon_with_text.default\">\n\t\t\t\t<div class=\"elementor-widget-container\">\n\t\t\t\t\t<div class=\"qodef-shortcode qodef-m qodef-qi-icon-with-text qodef-layout--top qodef-qi--has-appear qodef--appear-from-bottom qodef--custom-icon qodef-alignment--left\" >\n\t\t\t<div class=\"qodef-m-icon-wrapper\">\n\t\t\t\t<a itemprop=\"url\" href=\"\/referenzmaterialien\/\" target=\"_self\">\n\t<div class=\"qodef-m-icon-holder\">\n\t\t<svg xmlns=\"http:\/\/www.w3.org\/2000\/svg\" xmlns:xlink=\"http:\/\/www.w3.org\/1999\/xlink\" width=\"512\" height=\"512\" x=\"0\" y=\"0\" viewBox=\"0 0 512 512\" style=\"enable-background:new 0 0 512 512\" xml:space=\"preserve\"><g><linearGradient id=\"a\" x1=\"83.104\" x2=\"428.895\" y1=\"62.045\" y2=\"407.836\" gradientUnits=\"userSpaceOnUse\"><stop stop-opacity=\"1\" stop-color=\"#00dbde\" offset=\"0\"><\/stop><stop stop-opacity=\"1\" stop-color=\"#0087ff\" offset=\"1\"><\/stop><\/linearGradient><path fill=\"url(#a)\" d=\"M176.4 418.1c-33.4 0-60.7-27.2-60.7-60.7V70c0-2.8 2.2-5 5-5s5 2.2 5 5v287.5c0 27.9 22.7 50.7 50.7 50.7s50.7-22.7 50.7-50.7V70c0-2.8 2.2-5 5-5s5 2.2 5 5v287.5c-.1 33.4-27.3 60.6-60.7 60.6zM235.8 75h-119c-10.3 0-18.6-8.4-18.6-18.6v-1.7c0-10.3 8.4-18.6 18.6-18.6h119c10.3 0 18.6 8.4 18.6 18.6v1.7c.1 10.2-8.3 18.6-18.6 18.6zM116.9 46c-4.8 0-8.6 3.9-8.6 8.6v1.7c0 4.8 3.9 8.6 8.6 8.6h119c4.8 0 8.6-3.9 8.6-8.6v-1.7c0-4.8-3.9-8.6-8.6-8.6zm59.6 167.1c-8.4 0-16.3-2.9-22.2-8.3-8.2-7.3-21.8-7.6-30.4-.6-2.1 1.8-5.3 1.4-7-.7-1.8-2.1-1.4-5.3.7-7 12.4-10.2 31.5-9.8 43.4.9 4.1 3.7 9.6 5.7 15.5 5.7s11.3-2 15.5-5.6c11.8-10.4 30.7-10.8 43.2-1 2.2 1.7 2.5 4.9.8 7-1.7 2.2-4.9 2.5-7 .8-8.6-6.8-22.2-6.5-30.4.6-6 5.3-13.8 8.2-22.1 8.2zm-31.6-108h-24.2c-2.8 0-5-2.2-5-5s2.2-5 5-5h24.2c2.8 0 5 2.2 5 5s-2.2 5-5 5zm0 23.4h-24.2c-2.8 0-5-2.2-5-5s2.2-5 5-5h24.2c2.8 0 5 2.2 5 5s-2.2 5-5 5zm0 23.4h-24.2c-2.8 0-5-2.2-5-5s2.2-5 5-5h24.2c2.8 0 5 2.2 5 5s-2.2 5-5 5zm0 23.3h-24.2c-2.8 0-5-2.2-5-5s2.2-5 5-5h24.2c2.8 0 5 2.2 5 5s-2.2 5-5 5zm13.5 91.1c-11.3 0-20.5-9.2-20.5-20.5s9.2-20.5 20.5-20.5 20.5 9.2 20.5 20.5-9.2 20.5-20.5 20.5zm0-30.9c-5.8 0-10.5 4.7-10.5 10.5s4.7 10.5 10.5 10.5 10.5-4.7 10.5-10.5-4.7-10.5-10.5-10.5zm0 106.3c-8.7 0-15.8-7.1-15.8-15.8s7.1-15.8 15.8-15.8 15.8 7.1 15.8 15.8-7.1 15.8-15.8 15.8zm0-21.5c-3.2 0-5.8 2.6-5.8 5.8s2.6 5.8 5.8 5.8 5.8-2.6 5.8-5.8-2.6-5.8-5.8-5.8zm195.2 79.4c-8.7 0-15.8-7.1-15.8-15.8s7.1-15.8 15.8-15.8 15.8 7.1 15.8 15.8-7.1 15.8-15.8 15.8zm0-21.6c-3.2 0-5.8 2.6-5.8 5.8s2.6 5.8 5.8 5.8 5.8-2.6 5.8-5.8-2.6-5.8-5.8-5.8zm-156.1-75.8c-9.5 0-17.3-7.8-17.3-17.3s7.8-17.3 17.3-17.3 17.3 7.8 17.3 17.3-7.8 17.3-17.3 17.3zm0-24.6c-4 0-7.3 3.3-7.3 7.3s3.3 7.3 7.3 7.3 7.3-3.3 7.3-7.3-3.3-7.3-7.3-7.3zM335.6 476c-33.4 0-60.7-27.2-60.7-60.7V127.9c0-2.8 2.2-5 5-5s5 2.2 5 5v287.5c0 27.9 22.7 50.7 50.7 50.7 27.9 0 50.7-22.7 50.7-50.7V127.9c0-2.8 2.2-5 5-5s5 2.2 5 5v287.5c0 33.4-27.2 60.6-60.7 60.6zm59.5-343.1h-119c-10.3 0-18.6-8.4-18.6-18.6v-1.7c0-10.3 8.4-18.6 18.6-18.6h119c10.3 0 18.6 8.4 18.6 18.6v1.7c.1 10.2-8.3 18.6-18.6 18.6zm-118.9-29c-4.8 0-8.6 3.9-8.6 8.6v1.7c0 4.8 3.9 8.6 8.6 8.6h119c4.8 0 8.6-3.9 8.6-8.6v-1.7c0-4.8-3.9-8.6-8.6-8.6h-119zm59.3 167c-8.3 0-16.1-2.9-22.1-8.1-8.3-7.3-21.9-7.8-30.4-1.1-2.2 1.7-5.3 1.3-7-.8-1.7-2.2-1.3-5.3.8-7 12.3-9.7 31.3-9.1 43.2 1.4 4.1 3.6 9.6 5.6 15.5 5.6s11.4-2 15.5-5.7c12.1-10.8 31.1-11.4 43.4-1.3 2.1 1.8 2.4 4.9.7 7-1.8 2.1-4.9 2.4-7 .7-8.4-6.9-22.1-6.5-30.4 1-5.9 5.4-13.8 8.3-22.2 8.3zM391.3 163h-24.2c-2.8 0-5-2.2-5-5s2.2-5 5-5h24.2c2.8 0 5 2.2 5 5s-2.2 5-5 5zm0 23.4h-24.2c-2.8 0-5-2.2-5-5s2.2-5 5-5h24.2c2.8 0 5 2.2 5 5s-2.2 5-5 5zm0 23.3h-24.2c-2.8 0-5-2.2-5-5s2.2-5 5-5h24.2c2.8 0 5 2.2 5 5s-2.2 5-5 5zm0 23.4h-24.2c-2.8 0-5-2.2-5-5s2.2-5 5-5h24.2c2.8 0 5 2.2 5 5s-2.2 5-5 5zm-37.7 91.1c-11.3 0-20.5-9.2-20.5-20.5s9.2-20.5 20.5-20.5 20.5 9.2 20.5 20.5-9.2 20.5-20.5 20.5zm0-31c-5.8 0-10.5 4.7-10.5 10.5s4.7 10.5 10.5 10.5 10.5-4.7 10.5-10.5-4.7-10.5-10.5-10.5zm-39.1 66.9c-9.5 0-17.3-7.8-17.3-17.3s7.8-17.3 17.3-17.3 17.3 7.8 17.3 17.3-7.7 17.3-17.3 17.3zm0-24.6c-4 0-7.3 3.3-7.3 7.3s3.3 7.3 7.3 7.3 7.3-3.3 7.3-7.3-3.3-7.3-7.3-7.3z\" opacity=\"1\" data-original=\"url(#a)\"><\/path><\/g><\/svg>\t<\/div>\n\t<\/a>\n\t\t<\/div>\n\t\t<div class=\"qodef-m-content\">\n\t\t\t<div class=\"qodef-m-separator qodef-qi-clear\">\n\t\t<div class=\"qodef-shortcode qodef-m qodef-qi-separator qodef-qi-clear qodef-separator--standard\">\t<div class=\"qodef-m-line\"><\/div><\/div>\t<\/div>\n\t\t\t<h3 class=\"qodef-m-title\">\n\t\t\t\t\t<a itemprop=\"url\" href=\"\/referenzmaterialien\/\" target=\"_self\">\n\t\t\t\t\t<span class=\"qodef-m-title-text\">Referenzmaterialien<\/span>\n\t\t\t\t\t<\/a>\n\t\t\t<\/h3>\n\t\t\t<div class=\"qodef-m-text\"><p><strong>Die Basis f\u00fcr reproduzierbare molekulare Diagnostik.<\/strong><br \/>Zellbasierte cfDNA-Referenzproben f\u00fcr Validierung und Qualit\u00e4tskontrolle \u2013 standardisiert, biologisch authentisch und individuell anpassbar.<\/p><\/div>\n\t\t\t<div class=\"qodef-m-button qodef-qi-clear\">\n\t\t<a class=\"qodef-shortcode qodef-m qodef-qi-button qodef-html--link qodef-layout--textual qodef-type--standard qodef-icon--right qodef-hover--icon-move-horizontal-short qodef-text-underline qodef-underline--left\" href=\"\/referenzmaterialien\/\" target=\"_self\">\t<span class=\"qodef-m-text\">mehr<\/span>\t\t<span class=\"qodef-m-icon qodef--icon-color-set\">\t\t<span class=\"qodef-m-icon-inner\">\t\t\t<svg xmlns=\"http:\/\/www.w3.org\/2000\/svg\" xmlns:xlink=\"http:\/\/www.w3.org\/1999\/xlink\" width=\"20\" height=\"20\" viewBox=\"0 0 20 20\"><path fill=\"#000000\" d=\"M19.354 10.146l-6-6c-0.195-0.195-0.512-0.195-0.707 0s-0.195 0.512 0 0.707l5.146 5.146h-16.293c-0.276 0-0.5 0.224-0.5 0.5s0.224 0.5 0.5 0.5h16.293l-5.146 5.146c-0.195 0.195-0.195 0.512 0 0.707 0.098 0.098 0.226 0.146 0.354 0.146s0.256-0.049 0.354-0.146l6-6c0.195-0.195 0.195-0.512 0-0.707z\"><\/path><\/svg>\t\t\t\t\t<\/span>\t<\/span><\/a>\t<\/div>\n\t<\/div>\n<\/div>\n\t\t\t\t<\/div>\n\t\t\t\t<\/div>\n\t\t\t\t\t<\/div>\n\t\t<\/div>\n\t\t\t\t<div class=\"elementor-column elementor-col-33 elementor-top-column elementor-element elementor-element-1d966669 qodef-custom-shadow\" data-id=\"1d966669\" data-element_type=\"column\" data-e-type=\"column\">\n\t\t\t<div class=\"elementor-widget-wrap elementor-element-populated\">\n\t\t\t\t\t\t<div class=\"elementor-element elementor-element-28b9a53b elementor-widget elementor-widget-qi_addons_for_elementor_icon_with_text\" data-id=\"28b9a53b\" data-element_type=\"widget\" data-e-type=\"widget\" data-widget_type=\"qi_addons_for_elementor_icon_with_text.default\">\n\t\t\t\t<div class=\"elementor-widget-container\">\n\t\t\t\t\t<div class=\"qodef-shortcode qodef-m qodef-qi-icon-with-text qodef-layout--top qodef-qi--has-appear qodef--appear-from-bottom qodef--custom-icon qodef-alignment--left\" >\n\t\t\t<div class=\"qodef-m-icon-wrapper\">\n\t\t\t\t<a itemprop=\"url\" href=\"\/forschungsprojekte\/\" target=\"_self\">\n\t<div class=\"qodef-m-icon-holder\">\n\t\t<svg xmlns=\"http:\/\/www.w3.org\/2000\/svg\" xmlns:xlink=\"http:\/\/www.w3.org\/1999\/xlink\" width=\"512\" height=\"512\" x=\"0\" y=\"0\" viewBox=\"0 0 512 512\" style=\"enable-background:new 0 0 512 512\" xml:space=\"preserve\" class=\"\">  <g transform=\"matrix(1,0,0,1,0,0)\">    <linearGradient id=\"a\" x1=\"90.247\" x2=\"363.117\" y1=\"376.85\" y2=\"103.98\" gradientUnits=\"userSpaceOnUse\">      <stop stop-opacity=\"1\" stop-color=\"#07cdc5\" offset=\"0\"><\/stop>      <stop stop-opacity=\"1\" stop-color=\"#1e6edc\" offset=\"0.996\"><\/stop>    <\/linearGradient>    <path fill=\"url(#a)\" d=\"M65.748 177.816a6.477 6.477 0 0 0 6.477 6.477h15.067l41.716 72.238L85.43 331.99a6.482 6.482 0 0 0 0 6.477l45.447 78.7a6.474 6.474 0 0 0 5.609 3.238h86.884l9.151 17.092a6.477 6.477 0 0 0 5.715 3.423 6.44 6.44 0 0 0 3.051-.769 6.476 6.476 0 0 0 2.654-8.766l-9.22-17.221 41.84-72.458h83.129l9.149 17.089a6.477 6.477 0 0 0 5.715 3.423 6.44 6.44 0 0 0 3.051-.769 6.476 6.476 0 0 0 2.654-8.766l-9.28-17.334 41.781-72.353h27.02a6.477 6.477 0 1 0 0-12.954h-27.034l-43.567-75.449a6.474 6.474 0 0 0-5.609-3.238h-87.01l-41.767-72.328 9.096-17.015a6.479 6.479 0 0 0-2.659-8.766 6.491 6.491 0 0 0-8.766 2.659l-8.956 16.753h-83.13l-9.325-17.611a6.468 6.468 0 0 0-8.753-2.692 6.475 6.475 0 0 0-2.692 8.753l9.475 17.893-41.774 72.339H72.224a6.475 6.475 0 0 0-6.476 6.476zm32.769 157.412 41.708-72.221h83.267l41.779 72.346-41.633 72.098h-83.413zm303.017-78.697-41.705 72.221H276.56l-41.705-72.221 41.705-72.223h83.269zm-261.309-150.92h83.413l41.633 72.095-41.779 72.348h-83.266l-41.708-72.223zm278.588 287.496c0-12.897-10.494-23.391-23.391-23.391s-23.391 10.494-23.391 23.391 10.494 23.391 23.391 23.391c12.897.001 23.391-10.493 23.391-23.391zm-23.391 10.438c-5.755 0-10.438-4.683-10.438-10.438s4.683-10.438 10.438-10.438 10.438 4.683 10.438 10.438-4.683 10.438-10.438 10.438zm-112.944 68.262c0-12.9-10.494-23.394-23.391-23.394-12.9 0-23.394 10.494-23.394 23.394 0 12.897 10.494 23.391 23.394 23.391 12.897 0 23.391-10.494 23.391-23.391zm-33.832 0c0-5.758 4.683-10.441 10.441-10.441 5.755 0 10.438 4.683 10.438 10.441 0 5.755-4.683 10.438-10.438 10.438-5.759 0-10.441-4.683-10.441-10.438zm233.956-238.67c-12.897 0-23.391 10.494-23.391 23.394 0 12.897 10.494 23.391 23.391 23.391s23.391-10.494 23.391-23.391c0-12.9-10.494-23.394-23.391-23.394zm0 33.833c-5.755 0-10.438-4.683-10.438-10.438 0-5.758 4.683-10.441 10.438-10.441s10.438 4.683 10.438 10.441c0 5.755-4.683 10.438-10.438 10.438zM232.922 40.193c0 12.9 10.494 23.394 23.394 23.394 12.897 0 23.391-10.494 23.391-23.394 0-12.897-10.494-23.391-23.391-23.391-12.9 0-23.394 10.494-23.394 23.391zm33.833 0c0 5.758-4.683 10.441-10.438 10.441-5.758 0-10.441-4.683-10.441-10.441 0-5.755 4.683-10.438 10.441-10.438 5.755 0 10.438 4.683 10.438 10.438zm-184.675 0c0 12.9 10.494 23.394 23.391 23.394 12.9 0 23.394-10.494 23.394-23.394 0-12.897-10.494-23.391-23.394-23.391-12.897 0-23.391 10.494-23.391 23.391zm23.392-10.438c5.758 0 10.441 4.683 10.441 10.438 0 5.758-4.683 10.441-10.441 10.441-5.755 0-10.438-4.683-10.438-10.441-.001-5.755 4.682-10.438 10.438-10.438zm-52.68 148.077c0-12.897-10.494-23.391-23.391-23.391-12.9 0-23.394 10.494-23.394 23.391s10.494 23.391 23.394 23.391c12.897 0 23.391-10.494 23.391-23.391zM29.401 188.27c-5.758 0-10.441-4.683-10.441-10.438s4.683-10.438 10.441-10.438c5.755 0 10.438 4.683 10.438 10.438s-4.683 10.438-10.438 10.438z\" opacity=\"1\" data-original=\"url(#a)\" class=\"\"><\/path>  <\/g><\/svg>\t<\/div>\n\t<\/a>\n\t\t<\/div>\n\t\t<div class=\"qodef-m-content\">\n\t\t\t<div class=\"qodef-m-separator qodef-qi-clear\">\n\t\t<div class=\"qodef-shortcode qodef-m qodef-qi-separator qodef-qi-clear qodef-separator--standard\">\t<div class=\"qodef-m-line\"><\/div><\/div>\t<\/div>\n\t\t\t<h3 class=\"qodef-m-title\">\n\t\t\t\t\t<a itemprop=\"url\" href=\"\/forschungsprojekte\/\" target=\"_self\">\n\t\t\t\t\t<span class=\"qodef-m-title-text\">Forschungsprojekte<\/span>\n\t\t\t\t\t<\/a>\n\t\t\t<\/h3>\n\t\t\t<div class=\"qodef-m-text\"><p><strong>Wissenschaftlich fundiert, praxisnah begleitet.<\/strong><br \/>CEBIO unterst\u00fctzt Studien zu Liquid Biopsy, Ringversuchen und methodischer Entwicklung \u2013 mit standardisierten Materialien und diagnostischer Erfahrung.<\/p><\/div>\n\t\t\t<div class=\"qodef-m-button qodef-qi-clear\">\n\t\t<a class=\"qodef-shortcode qodef-m qodef-qi-button qodef-html--link qodef-layout--textual qodef-type--standard qodef-icon--right qodef-hover--icon-move-horizontal-short qodef-text-underline qodef-underline--left\" href=\"\/forschungsprojekte\/\" target=\"_self\">\t<span class=\"qodef-m-text\">mehr<\/span>\t\t<span class=\"qodef-m-icon qodef--icon-color-set\">\t\t<span class=\"qodef-m-icon-inner\">\t\t\t<svg xmlns=\"http:\/\/www.w3.org\/2000\/svg\" xmlns:xlink=\"http:\/\/www.w3.org\/1999\/xlink\" width=\"20\" height=\"20\" viewBox=\"0 0 20 20\"><path fill=\"#000000\" d=\"M19.354 10.146l-6-6c-0.195-0.195-0.512-0.195-0.707 0s-0.195 0.512 0 0.707l5.146 5.146h-16.293c-0.276 0-0.5 0.224-0.5 0.5s0.224 0.5 0.5 0.5h16.293l-5.146 5.146c-0.195 0.195-0.195 0.512 0 0.707 0.098 0.098 0.226 0.146 0.354 0.146s0.256-0.049 0.354-0.146l6-6c0.195-0.195 0.195-0.512 0-0.707z\"><\/path><\/svg>\t\t\t\t\t<\/span>\t<\/span><\/a>\t<\/div>\n\t<\/div>\n<\/div>\n\t\t\t\t<\/div>\n\t\t\t\t<\/div>\n\t\t\t\t\t<\/div>\n\t\t<\/div>\n\t\t\t\t\t<\/div>\n\t\t<\/section>\n\t\t\t\t<\/div>\n\t\t","protected":false},"excerpt":{"rendered":"<p>Unser Portfolio Unsere langj\u00e4hrige Erfahrung in statistischer Methodik, Qualit\u00e4tssicherung und der Entwicklung analytischer Bewertungsverfahren macht uns zu einem verl\u00e4sslichen Partner f\u00fcr anspruchsvolle Forschungs- und Validierungsprojekte. Liquid Biopsy Personalisierte Tumordiagnostik aus der Blutprobe \u2013 schnell, schonend, pr\u00e4zise.Mit hochempfindlichen Methoden analysieren wir zirkulierende Tumor-DNA im Plasma \u2013 zur Prim\u00e4rdiagnostik, Therapieentscheidung oder Verlaufskontrolle. mehr Referenzmaterialien Die Basis f\u00fcr [&hellip;]<\/p>\n","protected":false},"author":1,"featured_media":0,"parent":0,"menu_order":0,"comment_status":"closed","ping_status":"closed","template":"page-full-width.php","meta":{"footnotes":""},"class_list":["post-10012","page","type-page","status-publish","hentry"],"_links":{"self":[{"href":"https:\/\/cebio-med.de\/en\/wp-json\/wp\/v2\/pages\/10012","targetHints":{"allow":["GET"]}}],"collection":[{"href":"https:\/\/cebio-med.de\/en\/wp-json\/wp\/v2\/pages"}],"about":[{"href":"https:\/\/cebio-med.de\/en\/wp-json\/wp\/v2\/types\/page"}],"author":[{"embeddable":true,"href":"https:\/\/cebio-med.de\/en\/wp-json\/wp\/v2\/users\/1"}],"replies":[{"embeddable":true,"href":"https:\/\/cebio-med.de\/en\/wp-json\/wp\/v2\/comments?post=10012"}],"version-history":[{"count":10,"href":"https:\/\/cebio-med.de\/en\/wp-json\/wp\/v2\/pages\/10012\/revisions"}],"predecessor-version":[{"id":11216,"href":"https:\/\/cebio-med.de\/en\/wp-json\/wp\/v2\/pages\/10012\/revisions\/11216"}],"wp:attachment":[{"href":"https:\/\/cebio-med.de\/en\/wp-json\/wp\/v2\/media?parent=10012"}],"curies":[{"name":"wp","href":"https:\/\/api.w.org\/{rel}","templated":true}]}}